{"id":83,"date":"2017-11-05T23:12:07","date_gmt":"2017-11-05T22:12:07","guid":{"rendered":"http:\/\/test.cisztasfibrozis.hu\/?page_id=83"},"modified":"2020-04-23T15:17:41","modified_gmt":"2020-04-23T13:17:41","slug":"pari-inhalatorok-egyedi-meltanyossagi-igenylese","status":"publish","type":"page","link":"https:\/\/www.cisztasfibrozis.hu\/index.php\/pari-inhalatorok-egyedi-meltanyossagi-igenylese\/","title":{"rendered":"PARI inhal\u00e1tor egyedi m\u00e9lt\u00e1nyoss\u00e1gi ig\u00e9nyl\u00e9se"},"content":{"rendered":"\n<div class=\"wp-block-image is-style-default\"><figure class=\"alignright is-resized\"><img loading=\"lazy\" decoding=\"async\" src=\"\/wp-content\/uploads\/2017\/11\/pari_logo.png\" alt=\"pari inhal\u00e1tor\" width=\"133\" height=\"133\"\/><\/figure><\/div>\n\n\n\n<h4 class=\"wp-block-heading\">PARI inhal\u00e1tort (4 \u00e9ves kor alatt&nbsp;<a href=\"https:\/\/www.youtube.com\/watch?v=bezDYfxS7uQ\" target=\"_blank\" rel=\"noopener\"><span class=\"ms-rteForeColor-8\">JuniorBoy<\/span><\/a>, 4 \u00e9ves kor felett&nbsp;<a href=\"https:\/\/www.youtube.com\/watch?v=FvGVtZHSW2w\" target=\"_blank\" rel=\"noopener\">Boy SX<\/a>, esetleg&nbsp;<a href=\"https:\/\/www.youtube.com\/watch?v=telU1eNNYMo\" target=\"_blank\" rel=\"noopener\"><span class=\"ms-rteForeColor-8\">Pari Sinus<\/span><\/a>) jelenleg a legolcs\u00f3bban egyedi m\u00e9lt\u00e1nyoss\u00e1gi t\u00e1mogat\u00e1ssal lehet v\u00e1s\u00e1rolni, amit az&nbsp;<a href=\"http:\/\/www.oep.hu\/\" target=\"_blank\" rel=\"noopener\"><span class=\"ms-rteThemeForeColor-7-3\">Orsz\u00e1gos Eg\u00e9szs\u00e9gbiztos\u00edt\u00e1si P\u00e9nzt\u00e1r<\/span><\/a>-t\u00f3l kell k\u00e9rv\u00e9nyezni.<\/h4>\n\n\n\n<p>Az al\u00e1bbi helyr\u0151l let\u00f6lthet\u0151ek az&nbsp;OEP \u00e1ltal k\u00e9rt kit\u00f6ltend\u0151 formanyomtatv\u00e1nyok:<\/p>\n\n\n\n<ul class=\"ul1 wp-block-list\"><li class=\"li3\"><a href=\"\/wp-content\/files\/documents\/pari\/OEP_PARI_TAJEKOZTATO.pdf\"><span class=\"ms-rteForeColor-2\">T\u00c1J\u00c9KOZTAT\u00d3<\/span><\/a>&nbsp;\u2013&nbsp;gy\u00f3gy\u00e1szati seg\u00e9deszk\u00f6z egyedi m\u00e9lt\u00e1nyoss\u00e1gi t\u00e1mogat\u00e1s\u00e1hoz<\/li><li><a href=\"\/wp-content\/files\/documents\/pari\/OEP_PARI_KERELEM.pdf\"><span class=\"ms-rteForeColor-2\">K\u00c9RELEM<\/span><\/a>&nbsp;\u2013 gy\u00f3gy\u00e1szati seg\u00e9deszk\u00f6z egyedi m\u00e9lt\u00e1nyoss\u00e1gi t\u00e1mogat\u00e1s\u00e1hoz<\/li><li><a href=\"\/wp-content\/files\/documents\/pari\/OEP_PARI_KORTORTENET.pdf\"><span class=\"ms-rteForeColor-2\">K\u00d3RT\u00d6RT\u00c9NETI \u00d6SSZEFOGLAL\u00d3 \u00c9S SZAKORVOSI JAVASLAT<\/span><\/a>&nbsp;\u2013&nbsp;gy\u00f3gy\u00e1szati seg\u00e9deszk\u00f6z egyedi m\u00e9lt\u00e1nyoss\u00e1gi t\u00e1mogat\u00e1s\u00e1hoz<\/li><li class=\"li3\"><a href=\"\/wp-content\/files\/documents\/pari\/OEP_PARI_ARAJANLAT.pdf\"><span class=\"ms-rteForeColor-2\">\u00c1RAJ\u00c1NLAT<\/span><\/a>&nbsp;\u2013&nbsp;gy\u00f3gy\u00e1szati seg\u00e9deszk\u00f6z egyedi m\u00e9lt\u00e1nyoss\u00e1gi t\u00e1mogat\u00e1s\u00e1hoz<\/li><\/ul>\n\n\n\n<p>Ezeken fel\u00fcl egy nett\u00f3 j\u00f6vedelemigazol\u00e1s, \u00e9s a k\u00e9rt eszk\u00f6zre ki\u00e1ll\u00edtott v\u00e9ny sz\u00fcks\u00e9ges a bead\u00e1shoz (ez ut\u00f3bbit, vagyis a v\u00e9nyt 2016 \u00e9v elej\u00e9t\u0151l m\u00e1r nem kell az OEP-be bek\u00fcldeni, el\u00e9g a meg\u00edt\u00e9lt hat\u00e1rozat k\u00e9zhezv\u00e9tele ut\u00e1n a kiv\u00e1lt\u00e1shoz a forgalmaz\u00f3hoz eljuttatni). A k\u00f3rt\u00f6rt\u00e9neti \u00f6sszefoglal\u00f3t \u00e9s a v\u00e9nyt a kezel\u0151orvos \u00e1ll\u00edtja ki.<\/p>\n\n\n\n<p>Az \u00e1raj\u00e1nlatot a forgalmaz\u00f3 (PARI inhal\u00e1torok eset\u00e9n az Elektro-Oxig\u00e9n Kft) t\u00f6lti ki, amihez n\u00e9gy adatra van sz\u00fcks\u00e9ge:<\/p>\n\n\n\n<ol class=\"wp-block-list\"><li>beteg neve,<\/li><li>sz\u00fcl. d\u00e1tuma,<\/li><li>c\u00edme TAJ sz\u00e1ma<\/li><\/ol>\n\n\n\n<p>Az \u00fcgyint\u00e9z\u00e9sben seg\u00edts\u00e9get ny\u00fajt Egyes\u00fclet\u00fcnk \u00e1lland\u00f3 seg\u00edt\u0151je \u00e9s az Elektro Oxigi\u00e9n Kft. k\u00e9pvisel\u0151je:<\/p>\n\n\n\n<p><strong>Wochna Marek<\/strong><\/p>\n\n\n\n<p><a href=\"mailto:wochna.marek@eo.hu\"><strong>wochna.marek@eo.hu<\/strong><\/a><\/p>\n\n\n\n<p>+3620-823-0160<\/p>\n\n\n\n<p>Ha minden sz\u00fcks\u00e9ges dokumentum rendelkez\u00e9sre \u00e1ll, az OEP \u00c1rt\u00e1mogat\u00e1si F\u0151oszt\u00e1ly\u00e1ra (1139 Budapest, V\u00e1ci \u00fat 73\/A ill. 1380 Budapest, Pf. 73) kell k\u00fcldeni a pap\u00edrokat az elb\u00edr\u00e1l\u00e1shoz. &nbsp;Pozit\u00edv elb\u00edr\u00e1l\u00e1s eset\u00e9n el\u00e9g az al\u00e1\u00edrt v\u00e9nyt eljuttatni a forgalmaz\u00f3hoz, aki ingyenes kisz\u00e1ll\u00edt\u00e1ssal elk\u00fcldi a k\u00e9sz\u00fcl\u00e9ket. A fut\u00e1rnak csak a hat\u00e1rozatban szerepl\u0151 \u00f6nr\u00e9szt kell kifizetni ut\u00e1nv\u00e9ttel. A kisz\u00e1ll\u00edt\u00e1s megk\u00f6nny\u00edt\u00e9se v\u00e9gett \u00e9rdemes a forgalmaz\u00f3nak telefonos el\u00e9rhet\u0151s\u00e9get adni.<\/p>\n\n\n\n<div class=\"wp-block-image is-style-default\"><figure class=\"aligncenter size-large is-resized\"><a href=\"http:\/\/www.cisztasfibrozis.hu\/index.php\/pari-inhalatorok-egyedi-meltanyossagi-igenylese\"><img loading=\"lazy\" decoding=\"async\" src=\"http:\/\/www.cisztasfibrozis.hu\/wp-content\/uploads\/2017\/11\/eologo.png\" alt=\"\" width=\"199\" height=\"128\"><\/a><figcaption><a href=\"http:\/\/www.eo.hu\" target=\"_blank\" rel=\"noopener\">http:\/\/www.eo.hu<\/a><\/figcaption><\/figure><\/div>\n\n\n\n<p class=\"has-text-align-center\">K\u00f6sz\u00f6nj\u00fck a PARI k\u00e9sz\u00fcl\u00e9kek magyarorsz\u00e1gi forgalmaz\u00f3j\u00e1nak, az&nbsp;<strong><a href=\"http:\/\/www.eo.hu\" target=\"_blank\" rel=\"noopener\">Elektro-Oxig\u00e9n Kft<\/a>-nek \u00e9s Wochna Mareknak<\/strong>, a CF \u00fcgy\u00e9ben tett folyamatos seg\u00edts\u00e9g\u00e9t!<\/p>\n\n\n\n<p><\/p>\n\n\n\n<p class=\"has-background has-very-light-gray-background-color\"><a href=\"http:\/\/www.cisztasfibrozis.hu\">Vissza a f\u0151oldalra<\/a><\/p>\n","protected":false},"excerpt":{"rendered":"<p>PARI inhal\u00e1tort (4 \u00e9ves kor alatt&nbsp;JuniorBoy, 4 \u00e9ves kor felett&nbsp;Boy SX, esetleg&nbsp;Pari Sinus) jelenleg a legolcs\u00f3bban egyedi m\u00e9lt\u00e1nyoss\u00e1gi t\u00e1mogat\u00e1ssal lehet v\u00e1s\u00e1rolni, amit az&nbsp;Orsz\u00e1gos Eg\u00e9szs\u00e9gbiztos\u00edt\u00e1si P\u00e9nzt\u00e1r-t\u00f3l&#8230;<\/p>\n","protected":false},"author":1,"featured_media":0,"parent":0,"menu_order":0,"comment_status":"closed","ping_status":"closed","template":"","meta":{"footnotes":""},"class_list":["post-83","page","type-page","status-publish","hentry","entry","double"],"_links":{"self":[{"href":"https:\/\/www.cisztasfibrozis.hu\/index.php\/wp-json\/wp\/v2\/pages\/83","targetHints":{"allow":["GET"]}}],"collection":[{"href":"https:\/\/www.cisztasfibrozis.hu\/index.php\/wp-json\/wp\/v2\/pages"}],"about":[{"href":"https:\/\/www.cisztasfibrozis.hu\/index.php\/wp-json\/wp\/v2\/types\/page"}],"author":[{"embeddable":true,"href":"https:\/\/www.cisztasfibrozis.hu\/index.php\/wp-json\/wp\/v2\/users\/1"}],"replies":[{"embeddable":true,"href":"https:\/\/www.cisztasfibrozis.hu\/index.php\/wp-json\/wp\/v2\/comments?post=83"}],"version-history":[{"count":7,"href":"https:\/\/www.cisztasfibrozis.hu\/index.php\/wp-json\/wp\/v2\/pages\/83\/revisions"}],"predecessor-version":[{"id":2105,"href":"https:\/\/www.cisztasfibrozis.hu\/index.php\/wp-json\/wp\/v2\/pages\/83\/revisions\/2105"}],"wp:attachment":[{"href":"https:\/\/www.cisztasfibrozis.hu\/index.php\/wp-json\/wp\/v2\/media?parent=83"}],"curies":[{"name":"wp","href":"https:\/\/api.w.org\/{rel}","templated":true}]}}