{"id":79,"date":"2017-11-05T23:09:23","date_gmt":"2017-11-05T22:09:23","guid":{"rendered":"http:\/\/test.cisztasfibrozis.hu\/?page_id=79"},"modified":"2020-04-22T09:21:03","modified_gmt":"2020-04-22T07:21:03","slug":"nemzetkozi-cf-regiszterek","status":"publish","type":"page","link":"https:\/\/www.cisztasfibrozis.hu\/index.php\/nemzetkozi-cf-regiszterek\/","title":{"rendered":"Nemzetk\u00f6zi CF regiszterek"},"content":{"rendered":"<p>Az al\u00e1bbi oldalon a nemzetk\u00f6zi CF regiszterekhez kapcsol\u00f3d\u00f3 linkeket \u00e9s let\u00f6lt\u00e9seket tal\u00e1l:<\/p>\n\r\n\t        <p class=\"m1dll_subdirpath\"><strong>path:<\/strong> <a href=\"https:\/\/www.cisztasfibrozis.hu\/index.php\/nemzetkozi-cf-regiszterek\/\">Nemzet\u00f6zi CF Regiszterek<\/a><\/p>\r\n\t        \r\n        <ul class=\"m1dll_filelist\">\r\n        \r\n\t\t\t\t\t\t\t<li>\r\n\r\n\t\t\t\t\t\t\t\t\t\t\t<a href=\"\/index.php\/wp-json\/wp\/v2\/pages\/79?d=L0NGIEZvdW5kYXRpb24gLSBVU0E%3D&#038;m1dll_index_get=0\" class=\"test\" style=\"background: url('https:\/\/www.cisztasfibrozis.hu\/wp-content\/plugins\/m1downloadlist\/icons\/folder.gif') left no-repeat; padding-left:20px;\">\r\n\t\t\t\t\t\t\t\t\t\t\tCF Foundation - USA\r\n\t\t\t\t\t\t\t\t\t\t\t<\/a>\r\n\t\t\t\t\t\t\t\t\t\t\t<span class=\"m1dll_filesize\"><\/span>\r\n\t\t\t\t\t\t\t\t\t\t\t\r\n\t\t\t\t\t\t\t<\/li>\r\n\t\t\t\t\t\t\t\r\n\t\t\t\t\t\t\t<li>\r\n\r\n\t\t\t\t\t\t\t\t\t\t\t<a href=\"https:\/\/www.cisztasfibrozis.hu\/wp-content\/files\/registry\/int\/\/CF_At_A_Glance_Guide_2013.pdf?_wpnonce=e9d4b72b78\" class=\"test\" style=\"background: url('https:\/\/www.cisztasfibrozis.hu\/wp-content\/plugins\/m1downloadlist\/icons\/pdffile.gif') left no-repeat; padding-left:20px;\">\r\n\t\t\t\t\t\t\t\t\t\t\tCF_At_A_Glance_Guide_2013.pdf\r\n\t\t\t\t\t\t\t\t\t\t\t<\/a>\r\n\t\t\t\t\t\t\t\t\t\t\t<span class=\"m1dll_filesize\">1,31&nbsp;MB<\/span>\r\n\t\t\t\t\t\t\t\t\t\t\t\r\n\t\t\t\t\t\t\t<\/li>\r\n\t\t\t\t\t\t\t\r\n\t\t\t\t\t\t\t<li>\r\n\r\n\t\t\t\t\t\t\t\t\t\t\t<a href=\"https:\/\/www.cisztasfibrozis.hu\/wp-content\/files\/registry\/int\/\/ECFSPR_Annual%20Report%202014_Nov2016.pdf?_wpnonce=e9d4b72b78\" class=\"test\" style=\"background: url('https:\/\/www.cisztasfibrozis.hu\/wp-content\/plugins\/m1downloadlist\/icons\/pdffile.gif') left no-repeat; padding-left:20px;\">\r\n\t\t\t\t\t\t\t\t\t\t\tECFSPR_Annual Report 2014_Nov2016.pdf\r\n\t\t\t\t\t\t\t\t\t\t\t<\/a>\r\n\t\t\t\t\t\t\t\t\t\t\t<span class=\"m1dll_filesize\">4,86&nbsp;MB<\/span>\r\n\t\t\t\t\t\t\t\t\t\t\t\r\n\t\t\t\t\t\t\t<\/li>\r\n\t\t\t\t\t\t\t\r\n        <\/ul>\r\n   \t\t\n","protected":false},"excerpt":{"rendered":"<p>Az al\u00e1bbi oldalon a nemzetk\u00f6zi CF regiszterekhez kapcsol\u00f3d\u00f3 linkeket \u00e9s let\u00f6lt\u00e9seket tal\u00e1l:<\/p>\n","protected":false},"author":1,"featured_media":0,"parent":0,"menu_order":0,"comment_status":"closed","ping_status":"closed","template":"","meta":{"footnotes":""},"class_list":["post-79","page","type-page","status-publish","hentry","entry","double"],"_links":{"self":[{"href":"https:\/\/www.cisztasfibrozis.hu\/index.php\/wp-json\/wp\/v2\/pages\/79","targetHints":{"allow":["GET"]}}],"collection":[{"href":"https:\/\/www.cisztasfibrozis.hu\/index.php\/wp-json\/wp\/v2\/pages"}],"about":[{"href":"https:\/\/www.cisztasfibrozis.hu\/index.php\/wp-json\/wp\/v2\/types\/page"}],"author":[{"embeddable":true,"href":"https:\/\/www.cisztasfibrozis.hu\/index.php\/wp-json\/wp\/v2\/users\/1"}],"replies":[{"embeddable":true,"href":"https:\/\/www.cisztasfibrozis.hu\/index.php\/wp-json\/wp\/v2\/comments?post=79"}],"version-history":[{"count":1,"href":"https:\/\/www.cisztasfibrozis.hu\/index.php\/wp-json\/wp\/v2\/pages\/79\/revisions"}],"predecessor-version":[{"id":1972,"href":"https:\/\/www.cisztasfibrozis.hu\/index.php\/wp-json\/wp\/v2\/pages\/79\/revisions\/1972"}],"wp:attachment":[{"href":"https:\/\/www.cisztasfibrozis.hu\/index.php\/wp-json\/wp\/v2\/media?parent=79"}],"curies":[{"name":"wp","href":"https:\/\/api.w.org\/{rel}","templated":true}]}}