{"id":72,"date":"2017-11-05T15:22:52","date_gmt":"2017-11-05T14:22:52","guid":{"rendered":"http:\/\/test.cisztasfibrozis.hu\/?page_id=72"},"modified":"2023-06-04T19:28:44","modified_gmt":"2023-06-04T17:28:44","slug":"kapcsolat","status":"publish","type":"page","link":"https:\/\/www.cisztasfibrozis.hu\/index.php\/kapcsolat\/","title":{"rendered":"L\u00e9pjen kapcsolatba vel\u00fcnk"},"content":{"rendered":"\n<h4 class=\"wp-block-heading\"><strong>Ciszt\u00e1s Fibr\u00f3zis Betegek Egyes\u00fclete \u2013 CFBE<\/strong><\/h4>\n\n\n\n<h3 class=\"wp-block-heading\">(Association of Cystic Fibrosis Patients&nbsp; \u2013 ACFP )<\/h3>\n\n\n\n<p><strong>2092 &#8211; Budakeszi , Pataki Ferenc utca 11<\/strong><\/p>\n\n\n\n<p><strong>Eln\u00f6k: Marsal G\u00e9za<\/strong><br>E-mail: geza.marsal[at]cisztasfibrozis.hu , cisztasfibrozis[at]gmail.com<\/p>\n\n\n\n<p><strong>Aleln\u00f6k: S. Nagy Zsuzsanna<\/strong><br>E-mail: cisztasfibrozis[at]gmail.com<\/p>\n\n\n\n<p><\/p>\n\n\n\n<p><em><strong>Eln\u00f6ks\u00e9gi tagok:<\/strong><\/em><br>Darabosn\u00e9 Petr\u00f3 Judit<br>Horv\u00e1th L\u00edvia<br>Nagy G\u00e1bor Istv\u00e1n<\/p>\n\n\n\n<p><strong><em>Ellen\u00f6rz\u0151 bizotts\u00e1g tagjai:<\/em><\/strong><br>Dr. P\u00e1rniczky Andrea &#8211; fel\u00fcgyel\u0151bizotts\u00e1gi eln\u00f6k<br>Krizs\u00e1n Katalin<br>R\u00e1cz Zsolt<\/p>\n\n\n\n<h2 class=\"wp-block-heading has-text-align-center\"><em><span class=\"ms-rteForeColor-2\"><strong>Az egyes\u00fclet tiszts\u00e9gvisel\u0151i feladataik ell\u00e1t\u00e1s\u00e9rt cser\u00e9be, tiszteletd\u00edjban nem r\u00e9szes\u00fclnek!<\/strong><\/span><\/em><\/h2>\n\n\n\n<hr class=\"wp-block-separator has-css-opacity\"\/>\n\n\n\n<h2 class=\"wp-block-heading has-text-align-center\"><strong>Ciszt\u00e1s Fibr\u00f3zis Betegek Egyes\u00fclete \u2013 CFBE<\/strong><br><strong>Sz\u00e1mlasz\u00e1m:11704021-21346785<br>Ad\u00f3sz\u00e1m: 19675558-1-13<\/strong><\/h2>\n\n\n\n<p><\/p>\n\n\n<div class=\"wp-block-image\">\n<figure class=\"alignright is-resized\"><img loading=\"lazy\" decoding=\"async\" src=\"https:\/\/image.freepik.com\/free-photo\/person-s-hand-using-digital-tablet-with-blocks-social-media-applications_23-2147844521.jpg\" alt=\"contact me:Ciszt\u00e1s Fibr\u00f3zis Betegek Egyes\u00fclete \u2013 CFBE\" width=\"313\" height=\"208\"\/><\/figure>\n<\/div>\n\n\n<p class=\"has-light-green-cyan-background-color has-background\"><strong><em>K\u00f6z\u00f6ss\u00e9gi m\u00e9di\u00e1ban :<\/em><\/strong><br>Facebook:  <a href=\"https:\/\/www.facebook.com\/CisztasFibrozisMagyarorszag\" target=\"_blank\" rel=\"noopener\">@CisztasFibrozisMagyarorszag <\/a><br>Messenger:  <a rel=\"noreferrer noopener\" href=\"https:\/\/m.me\/CisztasFibrozisMagyarorszag?fbclid=IwAR1d-aMCALMuvJ_epzod0aXXxdwNDi0acdVfQS-YW70l0H1lyaOnxR2Wmes\" target=\"_blank\">m.me\/CisztasFibrozisMagyarorszag<\/a><br>Instagram: <a href=\"https:\/\/www.instagram.com\/cfbe_hun\/\" target=\"_blank\" rel=\"noopener\">@cfbe_hun<\/a><br>Youtube:  <a href=\"https:\/\/www.youtube.com\/channel\/UCQBTPcZG7QwGCmNiQreecHw\" target=\"_blank\" rel=\"noopener\">Ciszt\u00e1s Fibr\u00f3zis<\/a><br>Twitter: <a href=\"https:\/\/twitter.com\/cf_hun\" target=\"_blank\" rel=\"noopener\">@cf_hun<\/a><br><\/p>\n\n\n\n<p class=\"has-very-light-gray-background-color has-background\"><a href=\"https:\/\/www.cisztasfibrozis.hu\">Vissza a kezd\u0151lapra<\/a><\/p>\n","protected":false},"excerpt":{"rendered":"<p>Ciszt\u00e1s Fibr\u00f3zis Betegek Egyes\u00fclete \u2013 CFBE (Association of Cystic Fibrosis Patients&nbsp; \u2013 ACFP ) 2092 &#8211; Budakeszi , Pataki Ferenc utca 11 Eln\u00f6k: Marsal G\u00e9zaE-mail:&#8230;<\/p>\n","protected":false},"author":1,"featured_media":1289,"parent":0,"menu_order":0,"comment_status":"closed","ping_status":"closed","template":"","meta":{"footnotes":""},"class_list":["post-72","page","type-page","status-publish","has-post-thumbnail","hentry","entry","double"],"_links":{"self":[{"href":"https:\/\/www.cisztasfibrozis.hu\/index.php\/wp-json\/wp\/v2\/pages\/72","targetHints":{"allow":["GET"]}}],"collection":[{"href":"https:\/\/www.cisztasfibrozis.hu\/index.php\/wp-json\/wp\/v2\/pages"}],"about":[{"href":"https:\/\/www.cisztasfibrozis.hu\/index.php\/wp-json\/wp\/v2\/types\/page"}],"author":[{"embeddable":true,"href":"https:\/\/www.cisztasfibrozis.hu\/index.php\/wp-json\/wp\/v2\/users\/1"}],"replies":[{"embeddable":true,"href":"https:\/\/www.cisztasfibrozis.hu\/index.php\/wp-json\/wp\/v2\/comments?post=72"}],"version-history":[{"count":15,"href":"https:\/\/www.cisztasfibrozis.hu\/index.php\/wp-json\/wp\/v2\/pages\/72\/revisions"}],"predecessor-version":[{"id":2727,"href":"https:\/\/www.cisztasfibrozis.hu\/index.php\/wp-json\/wp\/v2\/pages\/72\/revisions\/2727"}],"wp:featuredmedia":[{"embeddable":true,"href":"https:\/\/www.cisztasfibrozis.hu\/index.php\/wp-json\/wp\/v2\/media\/1289"}],"wp:attachment":[{"href":"https:\/\/www.cisztasfibrozis.hu\/index.php\/wp-json\/wp\/v2\/media?parent=72"}],"curies":[{"name":"wp","href":"https:\/\/api.w.org\/{rel}","templated":true}]}}