{"id":63,"date":"2017-11-05T15:17:37","date_gmt":"2017-11-05T14:17:37","guid":{"rendered":"http:\/\/test.cisztasfibrozis.hu\/?page_id=63"},"modified":"2025-05-27T14:25:59","modified_gmt":"2025-05-27T12:25:59","slug":"tamogatoink","status":"publish","type":"page","link":"https:\/\/www.cisztasfibrozis.hu\/index.php\/tamogatoink\/","title":{"rendered":"T\u00e1mogat\u00f3ink"},"content":{"rendered":"\n<h4 class=\"wp-block-heading\">Ciszt\u00e1s Fibr\u00f3zis Betegek Egyes\u00fclet\u00e9nek (CFBE), \u00e9s betegeinek legfontosabb t\u00e1mogat\u00f3ja az <a href=\"http:\/\/www.koranyi.hu\" target=\"_blank\" rel=\"noopener\">Orsz\u00e1gos Kor\u00e1nyi Pulmonol\u00f3giai Int\u00e9zet<\/a> \u00e9s az <a href=\"https:\/\/www.kormany.hu\/hu\/emberi-eroforrasok-miniszteriuma\" target=\"_blank\" rel=\"noopener\">Emberi Er\u0151forr\u00e1sok Miniszt\u00e9riuma<\/a><\/h4>\n\n\n\n<p><\/p>\n\n\n\n<figure class=\"wp-block-image\"><a href=\"https:\/\/kormany.hu\/miniszterelnokseg\" target=\"_blank\" rel=\"noopener\"><img decoding=\"async\" src=\"http:\/\/nemetkor.hu\/wp-content\/uploads\/2020\/05\/ME_BGA.png\" alt=\"A Kiskass\u00e1\u00e9rt N\u00e9met Egyes\u00fclet m\u0171k\u00f6d\u00e9s\u00e9t 2019-ben a Minisztereln\u00f6ks\u00e9g \u00e9s a  Bethlen G\u00e1bor Alapkezel\u0151 Zrt. t\u00e1mogatta a NEMZ-CISZ-19-0007 p\u00e1ly\u00e1zati  kateg\u00f3ria keret\u00e9ben \u2013 N\u00e9met K\u00f6r\"\/><\/a><\/figure>\n\n\n\n<figure class=\"wp-block-image size-full\"><a href=\"https:\/\/bgazrt.hu\/tamogatasok\/nemzeti-egyuttmukodesi-alap\/\" target=\"_blank\" rel=\"noopener\"><img loading=\"lazy\" decoding=\"async\" width=\"1356\" height=\"521\" src=\"http:\/\/www.cisztasfibrozis.hu\/wp-content\/uploads\/2025\/05\/nea_logo.png\" alt=\"\" class=\"wp-image-2951\"><\/a><\/figure>\n\n\n<div class=\"wp-block-image is-style-default\">\n<figure class=\"aligncenter is-resized\"><a href=\"https:\/\/www.mnb.hu\/\" target=\"_blank\" rel=\"https:\/\/www.mnb.hu\/ noopener noreferrer\"><img decoding=\"async\" src=\"http:\/\/www.cisztasfibrozis.hu\/wp-content\/uploads\/2018\/04\/ujmnb_logo.jpg\" alt=\"CFBE t\u00e1mogat\u00f3ja a: Magyar Nemzeti Bank\" style=\"width:352px;height:352px\"\/><\/a><\/figure><\/div>\n\n\n<div style=\"text-align: center;\">K\u00f6sz\u00f6nj\u00fck az Elektro-Oxig\u00e9n Kft-nek, hogy minden k\u00f6r\u00fclm\u00e9nyek k\u00f6z\u00f6tt sz\u00e1m\u00edthatunk a seg\u00edts\u00e9g\u00fckre!<\/div>\n\n\n\n<div>&nbsp;<\/div>\n\n\n<div class=\"wp-block-image is-style-default\">\n<figure class=\"aligncenter\"><a href=\"http:\/\/www.eo.hu\" target=\"_blank\" rel=\"http:\/\/www.eo.hu noopener noreferrer\"><img decoding=\"async\" src=\"\/wp-content\/uploads\/2017\/11\/eologo.png\" alt=\"CFBE t\u00e1mogat\u00f3ja az: Elektro oxig\u00e9n\" class=\"wp-image-62\"\/><\/a><\/figure><\/div>\n\n\n<div><\/div>\n\n\n\n<div>&nbsp;<\/div>\n\n\n\n<div>&nbsp;<\/div>\n\n\n\n<div>&nbsp;<\/div>\n\n\n\n<div>&nbsp;<\/div>\n\n\n\n<div style=\"text-align: center;\">K\u00f6sz\u00f6net az Astellas Pharma Kft. rendszeres&nbsp;seg\u00edts\u00e9g\u00e9\u00e9rt<\/div>\n\n\n\n<div>&nbsp;<\/div>\n\n\n<div class=\"wp-block-image is-style-default\">\n<figure class=\"aligncenter\"><img decoding=\"async\" src=\"\/wp-content\/uploads\/2017\/11\/astellaslogo.png\" alt=\"CFBE t\u00e1mogat\u00f3ja az: Astellas Pharma Kft\" class=\"wp-image-59\"\/><\/figure><\/div>\n\n\n<p><\/p>\n\n\n\n<div><\/div>\n\n\n\n<div>&nbsp;<\/div>\n\n\n\n<div>&nbsp;<\/div>\n\n\n\n<div style=\"text-align: center;\">K\u00f6sz\u00f6nj\u00fck az Chiesi Kft. rendszeres seg\u00edts\u00e9g\u00e9t!<\/div>\n\n\n\n<div>&nbsp;<\/div>\n\n\n<div class=\"wp-block-image is-style-default\">\n<figure class=\"aligncenter\"><a href=\"https:\/\/www.chiesi.hu\/\" target=\"_blank\" rel=\"https:\/\/www.chiesi.hu\/ noopener noreferrer\"><img decoding=\"async\" src=\"\/wp-content\/uploads\/2017\/11\/chiesilogo.jpg\" alt=\"CFBE t\u00e1mogat\u00f3ja az:  Chiesi Kft.\" class=\"wp-image-60\"\/><\/a><\/figure><\/div>\n\n\n<p><\/p>\n\n\n\n<div><\/div>\n\n\n<div class=\"wp-block-image\">\n<figure class=\"aligncenter is-resized\"><a href=\"https:\/\/www.facebook.com\/barakkfitness\" target=\"_blank\" rel=\"noreferrer noopener\"><img loading=\"lazy\" decoding=\"async\" width=\"568\" height=\"568\" src=\"http:\/\/www.cisztasfibrozis.hu\/wp-content\/uploads\/2019\/09\/barakk.jpg\" alt=\"CFBE t\u00e1mogat\u00f3ja az:  Barakk Fitness\" class=\"wp-image-827\" style=\"width:360px;height:360px\" srcset=\"https:\/\/www.cisztasfibrozis.hu\/wp-content\/uploads\/2019\/09\/barakk.jpg 568w, https:\/\/www.cisztasfibrozis.hu\/wp-content\/uploads\/2019\/09\/barakk-150x150.jpg 150w, https:\/\/www.cisztasfibrozis.hu\/wp-content\/uploads\/2019\/09\/barakk-300x300.jpg 300w\" sizes=\"auto, (max-width: 568px) 100vw, 568px\" \/><\/a><figcaption class=\"wp-element-caption\"> El\u00e9rhet\u0151 : Budapest  Tatai utca 85 .<br>Id\u0151pontegyeztet\u00e9s:  +36 (70) 904 8484 <\/figcaption><\/figure><\/div>\n\n\n<p class=\"has-very-light-gray-background-color has-background\"><a href=\"http:\/\/www.cisztasfibrozis.hu\">Vissza a f\u0151oldalra<\/a><\/p>\n","protected":false},"excerpt":{"rendered":"<p>Ciszt\u00e1s Fibr\u00f3zis Betegek Egyes\u00fclet\u00e9nek (CFBE), \u00e9s betegeinek legfontosabb t\u00e1mogat\u00f3ja az Orsz\u00e1gos Kor\u00e1nyi Pulmonol\u00f3giai Int\u00e9zet \u00e9s az Emberi Er\u0151forr\u00e1sok Miniszt\u00e9riuma K\u00f6sz\u00f6nj\u00fck az Elektro-Oxig\u00e9n Kft-nek, hogy minden&#8230;<\/p>\n","protected":false},"author":1,"featured_media":0,"parent":0,"menu_order":0,"comment_status":"closed","ping_status":"closed","template":"","meta":{"footnotes":""},"class_list":["post-63","page","type-page","status-publish","hentry","entry","double"],"_links":{"self":[{"href":"https:\/\/www.cisztasfibrozis.hu\/index.php\/wp-json\/wp\/v2\/pages\/63","targetHints":{"allow":["GET"]}}],"collection":[{"href":"https:\/\/www.cisztasfibrozis.hu\/index.php\/wp-json\/wp\/v2\/pages"}],"about":[{"href":"https:\/\/www.cisztasfibrozis.hu\/index.php\/wp-json\/wp\/v2\/types\/page"}],"author":[{"embeddable":true,"href":"https:\/\/www.cisztasfibrozis.hu\/index.php\/wp-json\/wp\/v2\/users\/1"}],"replies":[{"embeddable":true,"href":"https:\/\/www.cisztasfibrozis.hu\/index.php\/wp-json\/wp\/v2\/comments?post=63"}],"version-history":[{"count":22,"href":"https:\/\/www.cisztasfibrozis.hu\/index.php\/wp-json\/wp\/v2\/pages\/63\/revisions"}],"predecessor-version":[{"id":2952,"href":"https:\/\/www.cisztasfibrozis.hu\/index.php\/wp-json\/wp\/v2\/pages\/63\/revisions\/2952"}],"wp:attachment":[{"href":"https:\/\/www.cisztasfibrozis.hu\/index.php\/wp-json\/wp\/v2\/media?parent=63"}],"curies":[{"name":"wp","href":"https:\/\/api.w.org\/{rel}","templated":true}]}}