{"id":51,"date":"2017-11-05T15:09:23","date_gmt":"2017-11-05T14:09:23","guid":{"rendered":"http:\/\/test.cisztasfibrozis.hu\/?page_id=51"},"modified":"2020-04-22T10:55:08","modified_gmt":"2020-04-22T08:55:08","slug":"alapszabaly","status":"publish","type":"page","link":"https:\/\/www.cisztasfibrozis.hu\/index.php\/alapszabaly\/","title":{"rendered":"Alapszab\u00e1ly"},"content":{"rendered":"\n<h2 class=\"wp-block-heading\">Ciszt\u00e1s Fibr\u00f3zis Betegek Egyes\u00fclet\u00e9nek  (CFBE) let\u00f6lthet\u0151 alapszab\u00e1lya pdf form\u00e1tumban<\/h2>\n\n\n\n<p><a href=\"http:\/\/www.cisztasfibrozis.hu\/wp-content\/files\/documents\/fcfbe\/\/CFBE%20Alapszabaly_hitelesitett.pdf\">http:\/\/www.cisztasfibrozis.hu\/wp-content\/files\/documents\/fcfbe\/\/CFBE%20Alapszabaly_hitelesitett.pdf<\/a><\/p>\n\n\n\n<p class=\"has-background has-very-light-gray-background-color\"><a href=\"http:\/\/www.cisztasfibrozis.hu\">Vissza a f\u0151oldalra<\/a><\/p>\n\n\n\n<p><\/p>\n","protected":false},"excerpt":{"rendered":"<p>Ciszt\u00e1s Fibr\u00f3zis Betegek Egyes\u00fclet\u00e9nek (CFBE) let\u00f6lthet\u0151 alapszab\u00e1lya pdf form\u00e1tumban http:\/\/www.cisztasfibrozis.hu\/wp-content\/files\/documents\/fcfbe\/\/CFBE%20Alapszabaly_hitelesitett.pdf Vissza a f\u0151oldalra<\/p>\n","protected":false},"author":1,"featured_media":0,"parent":0,"menu_order":0,"comment_status":"closed","ping_status":"closed","template":"","meta":{"footnotes":""},"class_list":["post-51","page","type-page","status-publish","hentry","entry","double"],"_links":{"self":[{"href":"https:\/\/www.cisztasfibrozis.hu\/index.php\/wp-json\/wp\/v2\/pages\/51","targetHints":{"allow":["GET"]}}],"collection":[{"href":"https:\/\/www.cisztasfibrozis.hu\/index.php\/wp-json\/wp\/v2\/pages"}],"about":[{"href":"https:\/\/www.cisztasfibrozis.hu\/index.php\/wp-json\/wp\/v2\/types\/page"}],"author":[{"embeddable":true,"href":"https:\/\/www.cisztasfibrozis.hu\/index.php\/wp-json\/wp\/v2\/users\/1"}],"replies":[{"embeddable":true,"href":"https:\/\/www.cisztasfibrozis.hu\/index.php\/wp-json\/wp\/v2\/comments?post=51"}],"version-history":[{"count":3,"href":"https:\/\/www.cisztasfibrozis.hu\/index.php\/wp-json\/wp\/v2\/pages\/51\/revisions"}],"predecessor-version":[{"id":1997,"href":"https:\/\/www.cisztasfibrozis.hu\/index.php\/wp-json\/wp\/v2\/pages\/51\/revisions\/1997"}],"wp:attachment":[{"href":"https:\/\/www.cisztasfibrozis.hu\/index.php\/wp-json\/wp\/v2\/media?parent=51"}],"curies":[{"name":"wp","href":"https:\/\/api.w.org\/{rel}","templated":true}]}}