{"id":41,"date":"2017-11-05T15:03:38","date_gmt":"2017-11-05T14:03:38","guid":{"rendered":"http:\/\/test.cisztasfibrozis.hu\/?page_id=41"},"modified":"2020-04-22T09:18:12","modified_gmt":"2020-04-22T07:18:12","slug":"cf-ellatohelyek","status":"publish","type":"page","link":"https:\/\/www.cisztasfibrozis.hu\/index.php\/cf-ellatohelyek\/","title":{"rendered":"Ciszt\u00e1s Fibr\u00f3zis ell\u00e1t\u00f3helyek"},"content":{"rendered":"\n<figure class=\"wp-block-image is-style-default\"><img decoding=\"async\" src=\"\/wp-content\/uploads\/2017\/11\/hungary_map.png\" alt=\"\" class=\"wp-image-42\"><figcaption>Magyaorsz\u00e1g ciszt\u00e1s fibr\u00f3zis k\u00f6zpontjainak elhelyezked\u00e9se<\/figcaption><\/figure>\n\n\n\n<figure class=\"wp-block-table ms-rteTable-0\"><table><tbody><tr><td>Ajka<\/td><td class=\"has-text-align-left\" data-align=\"left\"><a href=\"https:\/\/www.korhazajka.hu\/\" target=\"_blank\" rel=\"noopener\">\u200bMagyar Imre K\u00f3rh\u00e1z \u2013 Rendel\u0151int\u00e9zet<\/a><\/td><\/tr><tr><td>Budapest<\/td><td class=\"has-text-align-left\" data-align=\"left\"><a href=\"http:\/\/heimpalkorhaz.hu\" target=\"_blank\" rel=\"noopener\">\u200bHeim&nbsp;P\u00e1l Gyermekk\u00f3rh\u00e1z<\/a><\/td><\/tr><tr><td>\u200bBudapest<\/td><td class=\"has-text-align-left\" data-align=\"left\">\u200b<a href=\"https:\/\/www.google.com\/maps\/place\/Ciszt%C3%A1s+Fibr%C3%B3zis+(CF)+r%C3%A9szleg\/@47.5220559,18.9433429,252m\/data=!3m1!1e3!4m5!3m4!1s0x4741df3b8092d161:0x5a217c52faed2e8!8m2!3d47.5223276!4d18.944389\" target=\"_blank\" rel=\"noopener\">Orsz\u00e1gos Kor\u00e1nyi TBC \u00e9s Pulmonol\u00f3giai Int\u00e9zet<\/a><\/td><\/tr><tr><td>\u200bBudapest<\/td><td class=\"has-text-align-left\" data-align=\"left\">\u200b<a href=\"http:\/\/www.gyermekklinika.semmelweis.hu\" target=\"_blank\" rel=\"noopener\">SE I-II. Sz. Gyermekgy\u00f3gy\u00e1szati Klinika, Pulmonol\u00f3giai Klinika<\/a><\/td><\/tr><tr><td>\u200bDebrecen<\/td><td class=\"has-text-align-left\" data-align=\"left\"><a href=\"https:\/\/klinikaikozpont.unideb.hu\/hu\/szakrendelesek-tudogyogyaszati-klinika\" target=\"_blank\" rel=\"noopener\">\u200bDebreceni Egyetem Orvos- \u00e9s Eg\u00e9szs\u00e9gtudom\u00e1nyi Centrum, Gyermekklinika, T\u00fcd\u0151gy\u00f3gy\u00e1szati Klinika<\/a><\/td><\/tr><tr><td>Debrecen&nbsp;\u200b<\/td><td class=\"has-text-align-left\" data-align=\"left\">\u200b<a href=\"http:\/\/www.kenezykorhaz.hu\" target=\"_blank\" rel=\"noopener\">Ken\u00e9zy K\u00f3rh\u00e1z Rendel\u0151int\u00e9zet Eg\u00e9szs\u00e9g\u00fcgyi Nonprofit Kft.<\/a><\/td><\/tr><tr><td>\u200bDeszk<\/td><td class=\"has-text-align-left\" data-align=\"left\">\u200b<a href=\"http:\/\/www.deszkikorhaz.hu\" target=\"_blank\" rel=\"noopener\">Csongr\u00e1d Megye Mellkasi Betegs\u00e9gek Szakk\u00f3rh\u00e1za<\/a><\/td><\/tr><tr><td>\u200bGy\u0151r<\/td><td class=\"has-text-align-left\" data-align=\"left\">\u200b<a href=\"http:\/\/www.petz.gyor.hu\" target=\"_blank\" rel=\"noopener\">Petz Alad\u00e1r Megyei Oktat\u00f3&nbsp;K\u00f3rh\u00e1z<\/a><\/td><\/tr><tr><td>\u200bMiskolc<\/td><td class=\"has-text-align-left\" data-align=\"left\"><a href=\"https:\/\/www.bazmkorhaz.hu\" target=\"_blank\" rel=\"noopener\">\u200bBorsod-Aba\u00faj Zempl\u00e9n Megyei K\u00f3rh\u00e1z \u00e9s Egyetemi Oktat\u00f3k\u00f3rh\u00e1z<\/a><\/td><\/tr><tr><td>\u200bMosd\u00f3s<\/td><td class=\"has-text-align-left\" data-align=\"left\"><a href=\"http:\/\/www.kmmk.hu\/mosdosi-telephely\/mosdos-megkozelithetoseg\/\" target=\"_blank\" rel=\"noopener\">\u200bSomogy Megyei Kaposi M\u00f3r Oktat\u00f3 K\u00f3rh\u00e1z Mosd\u00f3si Telep<\/a><\/td><\/tr><tr><td>\u200bNy\u00edregyh\u00e1za<\/td><td class=\"has-text-align-left\" data-align=\"left\"><a href=\"http:\/\/www.szszbmk.hu\" target=\"_blank\" rel=\"noopener\">\u200bSzabolcs-Szatm\u00e1r-Bereg Megyei K\u00f3rh\u00e1zak \u00e9s Egyetemi Oktat\u00f3k\u00f3rh\u00e1z<\/a><\/td><\/tr><tr><td>\u200bP\u00e9cs<\/td><td class=\"has-text-align-left\" data-align=\"left\">\u200bBaranya Megyei Kerpel-Fronius \u00d6d\u00f6n Gyermek Eg\u00e9szs\u00e9g\u00fcgyi K\u00f6zpont<\/td><\/tr><tr><td>\u200bSzeged<\/td><td class=\"has-text-align-left\" data-align=\"left\">\u200b<a href=\"http:\/\/www.klinikaikozpont.u-szeged.hu\" target=\"_blank\" rel=\"noopener\">Szegedi Tudom\u00e1nyegyetem Szent-Gy\u00f6rgyi Albert Klinikai K\u00f6zpont Gyermekgy\u00f3gy\u00e1szati Klinika A \u00e9s B r\u00e9szlege<\/a><\/td><\/tr><tr><td>\u200bSzombathely<\/td><td class=\"has-text-align-left\" data-align=\"left\"><a href=\"http:\/\/markusovszky.hu\" target=\"_blank\" rel=\"noopener\">\u200bVas Megyei Markusovszky K\u00f3rh\u00e1z Egyetemi Oktat\u00f3k\u00f3rh\u00e1z Nonprofit Zrt.<\/a><\/td><\/tr><tr><td>\u200bT\u00f6r\u00f6kb\u00e1lint<\/td><td class=\"has-text-align-left\" data-align=\"left\"><a href=\"http:\/\/torokbalintkorhaz.hu\" target=\"_blank\" rel=\"noopener\">\u200bT\u00fcd\u0151gy\u00f3gyint\u00e9zet T\u00f6r\u00f6kb\u00e1lint<\/a><\/td><\/tr><tr><td>\u200bZalaegerszeg<\/td><td class=\"has-text-align-left\" data-align=\"left\">\u200b<a href=\"https:\/\/www.zmkorhaz.hu\" target=\"_blank\" rel=\"noopener\">Zala Megyei K\u00f3rh\u00e1z<\/a><\/td><\/tr><\/tbody><\/table><\/figure>\n\n\n\n<p class=\"has-background has-very-light-gray-background-color\"><a href=\"http:\/\/www.cisztasfibrozis.hu\">Vissza a f\u0151oldalra<\/a><\/p>\n","protected":false},"excerpt":{"rendered":"<p>Ajka \u200bMagyar Imre K\u00f3rh\u00e1z \u2013 Rendel\u0151int\u00e9zet Budapest \u200bHeim&nbsp;P\u00e1l Gyermekk\u00f3rh\u00e1z \u200bBudapest \u200bOrsz\u00e1gos Kor\u00e1nyi TBC \u00e9s Pulmonol\u00f3giai Int\u00e9zet \u200bBudapest \u200bSE I-II. Sz. Gyermekgy\u00f3gy\u00e1szati Klinika, Pulmonol\u00f3giai Klinika \u200bDebrecen&#8230;<\/p>\n","protected":false},"author":1,"featured_media":0,"parent":0,"menu_order":0,"comment_status":"closed","ping_status":"closed","template":"","meta":{"footnotes":""},"class_list":["post-41","page","type-page","status-publish","hentry","entry","double"],"_links":{"self":[{"href":"https:\/\/www.cisztasfibrozis.hu\/index.php\/wp-json\/wp\/v2\/pages\/41","targetHints":{"allow":["GET"]}}],"collection":[{"href":"https:\/\/www.cisztasfibrozis.hu\/index.php\/wp-json\/wp\/v2\/pages"}],"about":[{"href":"https:\/\/www.cisztasfibrozis.hu\/index.php\/wp-json\/wp\/v2\/types\/page"}],"author":[{"embeddable":true,"href":"https:\/\/www.cisztasfibrozis.hu\/index.php\/wp-json\/wp\/v2\/users\/1"}],"replies":[{"embeddable":true,"href":"https:\/\/www.cisztasfibrozis.hu\/index.php\/wp-json\/wp\/v2\/comments?post=41"}],"version-history":[{"count":5,"href":"https:\/\/www.cisztasfibrozis.hu\/index.php\/wp-json\/wp\/v2\/pages\/41\/revisions"}],"predecessor-version":[{"id":1943,"href":"https:\/\/www.cisztasfibrozis.hu\/index.php\/wp-json\/wp\/v2\/pages\/41\/revisions\/1943"}],"wp:attachment":[{"href":"https:\/\/www.cisztasfibrozis.hu\/index.php\/wp-json\/wp\/v2\/media?parent=41"}],"curies":[{"name":"wp","href":"https:\/\/api.w.org\/{rel}","templated":true}]}}