{"id":274,"date":"2018-03-27T21:23:46","date_gmt":"2018-03-27T19:23:46","guid":{"rendered":"http:\/\/www.cisztasfibrozis.hu\/?page_id=274"},"modified":"2020-04-22T09:19:55","modified_gmt":"2020-04-22T07:19:55","slug":"csibe","status":"publish","type":"page","link":"https:\/\/www.cisztasfibrozis.hu\/index.php\/csibe\/","title":{"rendered":"CSIBE &#8211; Csoportos Internetes BEsz\u00e9lget\u00e9s"},"content":{"rendered":"<h1><strong>Kedves Bar\u00e1taink,<\/strong><\/h1>\n<p><a href=\"http:\/\/www.cisztasfibrozis.hu\/wp-content\/files\/documents\/etc\/\/CSIBE_Hasznalati_utmutato.pdf\"><img loading=\"lazy\" decoding=\"async\" class=\"alignright\" src=\"https:\/\/previews.123rf.com\/images\/erickn\/erickn1303\/erickn130300027\/18585586-a-fluffy-yellow-chick-isolated-on-a-white-background-3d-render-Stock-Photo.jpg\" alt=\"K\u00c3\u00a9ptal\u00c3\u00a1lat a k\u00c3\u00b6vetkez\u00c5\u0091re: \u00e2\u0080\u009ecsibe\u00e2\u0080\u009d\" width=\"155\" height=\"155\"><\/a><\/p>\n<p><a href=\"https:\/\/zoom.us\/j\/3630525134\" target=\"_blank\" rel=\"noopener\"><img loading=\"lazy\" decoding=\"async\" class=\"alignright\" src=\"https:\/\/cio.ucop.edu\/wp-content\/uploads\/2016\/07\/ZoomLogoSmall.jpg\" alt=\"K\u00c3\u00a9ptal\u00c3\u00a1lat a k\u00c3\u00b6vetkez\u00c5\u0091re: \u00e2\u0080\u009ezoom.us\u00e2\u0080\u009d\" width=\"162\" height=\"162\"><\/a><\/p>\n<p>A <strong>CF Betegek Egyes\u00fclete<\/strong> kezdett\u0151l fogva fontos feladat\u00e1nak tekinti a CF-ben \u00e9rintettek (betegek, sz\u00fcl\u0151k, csal\u00e1dtagok, p\u00e1rok, hozz\u00e1tartoz\u00f3k) k\u00f6z\u00f6tti kapcsolatok kialak\u00edt\u00e1s\u00e1t illetve azok \u00e1pol\u00e1s\u00e1t. Tessz\u00fck ezt az\u00e9rt, mert tudjuk, hogy a sorsk\u00f6z\u00f6ss\u00e9g, a neh\u00e9zs\u00e9gekben val\u00f3 osztoz\u00e1s, a \u201enem vagyok egyed\u00fcl a probl\u00e9m\u00e1immal\u201d \u00e9rz\u00e9s nem csak a betegeknek, de az \u0151ket gondoz\u00f3knak \u00e9s szeretteiknek is rendk\u00edv\u00fcl fontos a mindennapokban. Tapasztalatunk szerint az orvosi rendel\u0151kben el\u00e9rh et\u0151 inform\u00e1ci\u00f3k testi eg\u00e9szs\u00e9g\u00fcnket szolg\u00e1lj\u00e1k, de az azokon t\u00fali m\u00e9lyebb besz\u00e9lget\u00e9sekre sem a helysz\u00edn sem pedig a rendelkez\u00e9sre \u00e1ll\u00f3 sz\u0171k id\u0151keret nem alkalmas. Ez\u00e9rt d\u00f6nt\u00f6tt\u00fcnk \u00fagy \u00e9vekkel ezel\u0151tt, hogy minden rendelkez\u00e9s\u00fcnkre \u00e1ll\u00f3 eszk\u00f6zzel igyeksz\u00fcnk a CF-ben <strong>\u00e9rintetteket, mint k\u00f6z\u00f6ss\u00e9get is \u00e9p\u00edteni.<\/strong><\/p>\n<p><strong><span style=\"color: red;\">Szeretettel megh\u00edvunk teh\u00e1t minden \u00e9rdekl\u0151d\u0151t a m\u00e1sodik, t\u00f6bb r\u00e9szvev\u0151s Csoportos Internetes BEsz\u00e9lget\u00e9s\u00fcnkre (CSIBE), amelyet<\/span><\/strong><strong><span style=\"color: red;\">&nbsp;Hodov\u00e1n Zs\u00f3fia alkalmazott eg\u00e9szs\u00e9g szakpszichol\u00f3gus seg\u00edt vezetni, illetve v\u00e1laszolni az egyes&nbsp;<\/span><\/strong><strong><span style=\"color: red;\">k\u00e9rd\u00e9sekre, amelyek a besz\u00e9lget\u00e9s sor\u00e1n felmer\u00fclhetnek. A besz\u00e9lget\u00e9s id\u0151tartama 1 \u00f3ra 30 perc.<\/span><\/strong><\/p>\n<h2><strong><span style=\"color: green;\">Az els\u0151 besz\u00e9lget\u00e9s id\u0151pontja: 2018. j\u00falius 8, vas\u00e1rnap 14:00<\/span><\/strong><\/h2>\n<h3><\/h3>\n<p><span style=\"color: red;\">Mivel tudjuk, hogy az \u00e9rintettek t\u00f6bbs\u00e9ge az orsz\u00e1gban sokfel\u00e9 sz\u00e9tsz\u00f3rva \u00e9l \u00e9s sokunknak az utaz\u00e1s csup\u00e1n egy egy-k\u00e9t \u00f3r\u00e1s besz\u00e9lget\u00e9s erej\u00e9ig megterhel\u0151 lehet,ez\u00e9rt \u00fagy d\u00f6nt\u00f6tt\u00fcnk, hogy a technik\u00e1t h\u00edvjuk seg\u00edts\u00e9g\u00fcl, \u00e9s olyan csoportos besz\u00e9lget\u00e9st szervez\u00fcnk, amelyre egyszerre tudnak a r\u00e9sztvev\u0151k sz\u00e1m\u00edt\u00f3g\u00e9p vagy telefon seg\u00edts\u00e9g\u00e9vel is csatlakozni.<\/span><\/p>\n<p>A r\u00e9szv\u00e9telhez sz\u00fcks\u00e9ges inform\u00e1ci\u00f3k megtal\u00e1lhat\u00f3ak a honlapon az egyes\u00fcleti kiadv\u00e1nyok men\u00fcpont alatt vagy let\u00f6lthet\u0151&nbsp;<a href=\"http:\/\/www.cisztasfibrozis.hu\/wp-content\/files\/documents\/etc\/\/CSIBE_Hasznalati_utmutato.pdf\">ide kattintva<\/a>. Sz\u00e1m\u00edt\u00f3g\u00e9ppel val\u00f3 csatlakoz\u00e1shoz elegend\u0151 a fent l\u00e1that\u00f3 Zoom ikonra kattintani a besz\u00e9lget\u00e9s id\u0151tartama alatt.<\/p>\n<p>Az els\u0151 besz\u00e9lget\u00e9s ind\u00edt\u00f3 t\u00e9m\u00e1inak a k\u00f6vetkez\u0151ket gondoltuk, term\u00e9szetesen a besz\u00e9lget\u00e9s k\u00f6tetlen alakul\u00e1sa k\u00f6zben b\u00e1rmely m\u00e1s t\u00e9ma is felmer\u00fclhet:<\/p>\n<p><strong>T\u00e9m\u00e1k:<\/strong><\/p>\n<ul>\n<li>T\u00fcnetekt\u0151l a diagn\u00f3zisig:\n<ul>\n<li>Els\u0151 gondolataim \u00e9s \u00e9rz\u00e9seim, hogyan tov\u00e1bb<\/li>\n<\/ul>\n<\/li>\n<\/ul>\n<p>Hogyan seg\u00edtsek?<\/p>\n<ul>\n<li>Mi\u00e9rt \u00e9s mennyire indokolt\/eg\u00e9szs\u00e9ges agg\u00f3dnom<\/li>\n<\/ul>\n<p>(sportok, \u00fasz\u00e1s, k\u00f6z\u00f6ss\u00e9g, stb)<\/p>\n<p>&nbsp;<\/p>\n<ul>\n<li>Hogyan besz\u00e9ljek a cf-r\u0151l gyermekemmel \u00e9s a k\u00f6rnyezet\u00fcnkkel?<\/li>\n<\/ul>\n<ul>\n<li>Tapasztalatcsere \u00e9s probl\u00e9mamegoszt\u00e1si lehet\u0151s\u00e9gek a mindennapokban\n<ul>\n<li>Sz\u00fcl\u0151knek<\/li>\n<li>CF-es betegeknek<\/li>\n<\/ul>\n<\/li>\n<\/ul>\n<p>&nbsp;<\/p>\n<p>&nbsp;<\/p>\n<p>CFBE<\/p>\n<p>&nbsp;<\/p>\n","protected":false},"excerpt":{"rendered":"<p>Kedves Bar\u00e1taink, A CF Betegek Egyes\u00fclete kezdett\u0151l fogva fontos feladat\u00e1nak tekinti a CF-ben \u00e9rintettek (betegek, sz\u00fcl\u0151k, csal\u00e1dtagok, p\u00e1rok, hozz\u00e1tartoz\u00f3k) k\u00f6z\u00f6tti kapcsolatok kialak\u00edt\u00e1s\u00e1t illetve azok \u00e1pol\u00e1s\u00e1t.&#8230;<\/p>\n","protected":false},"author":1,"featured_media":0,"parent":0,"menu_order":0,"comment_status":"closed","ping_status":"closed","template":"","meta":{"footnotes":""},"class_list":["post-274","page","type-page","status-publish","hentry","entry","double"],"_links":{"self":[{"href":"https:\/\/www.cisztasfibrozis.hu\/index.php\/wp-json\/wp\/v2\/pages\/274","targetHints":{"allow":["GET"]}}],"collection":[{"href":"https:\/\/www.cisztasfibrozis.hu\/index.php\/wp-json\/wp\/v2\/pages"}],"about":[{"href":"https:\/\/www.cisztasfibrozis.hu\/index.php\/wp-json\/wp\/v2\/types\/page"}],"author":[{"embeddable":true,"href":"https:\/\/www.cisztasfibrozis.hu\/index.php\/wp-json\/wp\/v2\/users\/1"}],"replies":[{"embeddable":true,"href":"https:\/\/www.cisztasfibrozis.hu\/index.php\/wp-json\/wp\/v2\/comments?post=274"}],"version-history":[{"count":1,"href":"https:\/\/www.cisztasfibrozis.hu\/index.php\/wp-json\/wp\/v2\/pages\/274\/revisions"}],"predecessor-version":[{"id":1970,"href":"https:\/\/www.cisztasfibrozis.hu\/index.php\/wp-json\/wp\/v2\/pages\/274\/revisions\/1970"}],"wp:attachment":[{"href":"https:\/\/www.cisztasfibrozis.hu\/index.php\/wp-json\/wp\/v2\/media?parent=274"}],"curies":[{"name":"wp","href":"https:\/\/api.w.org\/{rel}","templated":true}]}}