{"id":23,"date":"2017-11-04T23:05:37","date_gmt":"2017-11-04T23:05:37","guid":{"rendered":"http:\/\/test.cisztasfibrozis.hu\/?page_id=23"},"modified":"2020-04-23T15:21:42","modified_gmt":"2020-04-23T13:21:42","slug":"felhivas","status":"publish","type":"page","link":"https:\/\/www.cisztasfibrozis.hu\/index.php\/felhivas\/","title":{"rendered":"Seg\u00edthetsz! &#8211; T\u00e1mogass minket"},"content":{"rendered":"\n<h3 class=\"has-text-align-center featured-subtitle wp-block-heading\"><strong>T\u00e1mogass minket Te is!<\/strong><\/h3>\n\n\n\n<p><\/p>\n\n\n\n<p><\/p>\n\n\n\n<div><\/div>\n\n\n\n<div style=\"text-align: left;\">Tudtad, hogy Magyarorsz\u00e1gon a&nbsp;ciszt\u00e1s fibr\u00f3zis a leggyakoribb \u00f6r\u00f6kl\u0151d\u0151 anyagcserezavar?<\/div>\n\n\n\n\n\n<div style=\"text-align: center;\"><\/div>\n\n\n\n<div class=\"wp-block-image is-style-default\"><figure class=\"alignright\"><img loading=\"lazy\" decoding=\"async\" width=\"300\" height=\"232\" src=\"https:\/\/www.cisztasfibrozis.hu\/wp-content\/uploads\/2018\/12\/cfbe_logo-300x232.png\" alt=\"Seg\u00edthetsz! - T\u00e1mogass minket\" class=\"wp-image-462\" srcset=\"https:\/\/www.cisztasfibrozis.hu\/wp-content\/uploads\/2018\/12\/cfbe_logo-300x232.png 300w, https:\/\/www.cisztasfibrozis.hu\/wp-content\/uploads\/2018\/12\/cfbe_logo.png 582w\" sizes=\"auto, (max-width: 300px) 100vw, 300px\" \/><\/figure><\/div>\n\n\n\n<div class=\"wp-block-group\"><div class=\"wp-block-group__inner-container is-layout-flow wp-block-group-is-layout-flow\">\n<div style=\"text-align: left;\"><strong><\/strong><strong>Minden 25.&nbsp;honfit\u00e1rsunk<\/strong>&nbsp;hordozza&nbsp;a megbeteged\u00e9st okoz\u00f3 g\u00e9nt \u00e9s&nbsp;<strong>minden n\u00e9gyezredik gyermek<\/strong>&nbsp;ezzel az elv\u00e1ltoz\u00e1ssal sz\u00fcletik.&nbsp;A CF vagy mucoviscidozis ma m\u00e9g sajnos gy\u00f3gy\u00edthatatlan, egy \u00e9leten \u00e1t gondoz\u00e1st ig\u00e9nyl\u0151 \u00e1llapot.<\/div>\n<\/div><\/div>\n\n\n\n<div style=\"text-align: left;\"><\/div>\n\n\n\n<div style=\"text-align: left;\"><\/div>\n\n\n\n<p class=\"has-text-align-left\"><a href=\"https:\/\/www.cisztasfibrozis.hu\/index.php\/a-cisztas-fibrozisrol\/\">Tudj meg t\u00f6bbet r\u00f3lunk \u00e9s a betegs\u00e9gr\u0151l!<\/a><\/p>\n\n\n\n<figure class=\"wp-block-table\"><table><tbody><tr><td>Ad\u00f3sz\u00e1munk:&nbsp;<b>1967-5558-1-13<\/b><br>\nSz\u00e1mlasz\u00e1munk:&nbsp;<b>11704021-21346785<\/b><\/td><\/tr><\/tbody><\/table><\/figure>\n\n\n\n<p class=\"has-background has-very-light-gray-background-color\"><a href=\"https:\/\/www.cisztasfibrozis.hu\">Vissza a f\u0151oldalra<\/a><\/p>\n","protected":false},"excerpt":{"rendered":"<p>T\u00e1mogass minket Te is! Tudtad, hogy Magyarorsz\u00e1gon a&nbsp;ciszt\u00e1s fibr\u00f3zis a leggyakoribb \u00f6r\u00f6kl\u0151d\u0151 anyagcserezavar? Minden 25.&nbsp;honfit\u00e1rsunk&nbsp;hordozza&nbsp;a megbeteged\u00e9st okoz\u00f3 g\u00e9nt \u00e9s&nbsp;minden n\u00e9gyezredik gyermek&nbsp;ezzel az elv\u00e1ltoz\u00e1ssal sz\u00fcletik.&nbsp;A CF&#8230;<\/p>\n","protected":false},"author":1,"featured_media":0,"parent":0,"menu_order":0,"comment_status":"closed","ping_status":"closed","template":"","meta":{"footnotes":""},"class_list":["post-23","page","type-page","status-publish","hentry","entry","double"],"_links":{"self":[{"href":"https:\/\/www.cisztasfibrozis.hu\/index.php\/wp-json\/wp\/v2\/pages\/23","targetHints":{"allow":["GET"]}}],"collection":[{"href":"https:\/\/www.cisztasfibrozis.hu\/index.php\/wp-json\/wp\/v2\/pages"}],"about":[{"href":"https:\/\/www.cisztasfibrozis.hu\/index.php\/wp-json\/wp\/v2\/types\/page"}],"author":[{"embeddable":true,"href":"https:\/\/www.cisztasfibrozis.hu\/index.php\/wp-json\/wp\/v2\/users\/1"}],"replies":[{"embeddable":true,"href":"https:\/\/www.cisztasfibrozis.hu\/index.php\/wp-json\/wp\/v2\/comments?post=23"}],"version-history":[{"count":16,"href":"https:\/\/www.cisztasfibrozis.hu\/index.php\/wp-json\/wp\/v2\/pages\/23\/revisions"}],"predecessor-version":[{"id":2107,"href":"https:\/\/www.cisztasfibrozis.hu\/index.php\/wp-json\/wp\/v2\/pages\/23\/revisions\/2107"}],"wp:attachment":[{"href":"https:\/\/www.cisztasfibrozis.hu\/index.php\/wp-json\/wp\/v2\/media?parent=23"}],"curies":[{"name":"wp","href":"https:\/\/api.w.org\/{rel}","templated":true}]}}