{"id":229,"date":"2018-03-11T00:48:27","date_gmt":"2018-03-10T23:48:27","guid":{"rendered":"http:\/\/www.cisztasfibrozis.hu\/?page_id=229"},"modified":"2020-04-22T09:22:41","modified_gmt":"2020-04-22T07:22:41","slug":"palyazat_pari_2018","status":"publish","type":"page","link":"https:\/\/www.cisztasfibrozis.hu\/index.php\/palyazat_pari_2018\/","title":{"rendered":"PARI inhal\u00e1tor \u00e9ves csomag p\u00e1ly\u00e1zat &#8211; 2018"},"content":{"rendered":"<p>[caldera_form id=&#8221;CF5aa4730ddb561&#8243;]<\/p>\n","protected":false},"excerpt":{"rendered":"<p>[caldera_form id=&#8221;CF5aa4730ddb561&#8243;]<\/p>\n","protected":false},"author":1,"featured_media":0,"parent":0,"menu_order":0,"comment_status":"closed","ping_status":"closed","template":"","meta":{"footnotes":""},"class_list":["post-229","page","type-page","status-publish","hentry","entry","double"],"_links":{"self":[{"href":"https:\/\/www.cisztasfibrozis.hu\/index.php\/wp-json\/wp\/v2\/pages\/229","targetHints":{"allow":["GET"]}}],"collection":[{"href":"https:\/\/www.cisztasfibrozis.hu\/index.php\/wp-json\/wp\/v2\/pages"}],"about":[{"href":"https:\/\/www.cisztasfibrozis.hu\/index.php\/wp-json\/wp\/v2\/types\/page"}],"author":[{"embeddable":true,"href":"https:\/\/www.cisztasfibrozis.hu\/index.php\/wp-json\/wp\/v2\/users\/1"}],"replies":[{"embeddable":true,"href":"https:\/\/www.cisztasfibrozis.hu\/index.php\/wp-json\/wp\/v2\/comments?post=229"}],"version-history":[{"count":1,"href":"https:\/\/www.cisztasfibrozis.hu\/index.php\/wp-json\/wp\/v2\/pages\/229\/revisions"}],"predecessor-version":[{"id":1973,"href":"https:\/\/www.cisztasfibrozis.hu\/index.php\/wp-json\/wp\/v2\/pages\/229\/revisions\/1973"}],"wp:attachment":[{"href":"https:\/\/www.cisztasfibrozis.hu\/index.php\/wp-json\/wp\/v2\/media?parent=229"}],"curies":[{"name":"wp","href":"https:\/\/api.w.org\/{rel}","templated":true}]}}