{"id":2246,"date":"2020-09-06T15:13:34","date_gmt":"2020-09-06T13:13:34","guid":{"rendered":"http:\/\/www.cisztasfibrozis.hu\/?page_id=2246"},"modified":"2020-09-06T16:31:47","modified_gmt":"2020-09-06T14:31:47","slug":"javaslatok-cisztas-fibrozisos-gyerekek-szulei-es-pedagogusai-szamara-a-covid-19-jarvany-arnyekaban","status":"publish","type":"page","link":"https:\/\/www.cisztasfibrozis.hu\/index.php\/javaslatok-cisztas-fibrozisos-gyerekek-szulei-es-pedagogusai-szamara-a-covid-19-jarvany-arnyekaban\/","title":{"rendered":"Javaslatok k\u00f6zoktat\u00e1sban tanul\u00f3 ciszt\u00e1s fibr\u00f3zisos gyerekek sz\u00fclei \u00e9s pedag\u00f3gusai sz\u00e1m\u00e1ra a COVID-19 j\u00e1rv\u00e1ny \u00e9s a hagyom\u00e1nyos oktat\u00e1s kezdete rel\u00e1ci\u00f3j\u00e1ban"},"content":{"rendered":"\n<h4 class=\"wp-block-heading\">A j\u00e1rv\u00e1ny magyarorsz\u00e1gi megjelen\u00e9s\u00e9t r\u00f6viddel k\u00f6vette az online oktat\u00e1si form\u00e1kra val\u00f3 \u00e1t\u00e1ll\u00e1s, a pand\u00e9mia terjed\u00e9s\u00e9t figyelve \u00e9s a tapasztalatokat levonva az a korm\u00e1nyzati d\u00f6nt\u00e9s sz\u00fcletett, hogy<br>szeptemberben a tantermi oktat\u00e1ssal kezd\u0151dik az \u00faj tan\u00e9v.<\/h4>\n\n\n\n<p> A coronav\u00edrus terjed\u00e9s\u00e9nek megakad\u00e1lyoz\u00e1sa \u00e9rdek\u00e9ben az oktat\u00e1si int\u00e9zm\u00e9nyek vezet\u0151it \u00e9s pedag\u00f3gusait ir\u00e1nymutat\u00e1ssal l\u00e1tta el a fenntart\u00f3, miben sz\u00fcks\u00e9ges m\u00f3dosulnia a pand\u00e9mia el\u0151tti tantermi oktat\u00e1s rendszer\u00e9nek.<\/p>\n\n\n\n<p>Term\u00e9szetesen a fenntart\u00f3 \u00e9s az iskola szab\u00e1lyai szerinti k\u00f6vetelm\u00e9nyeknek eleget kell tenni a<br>t\u00e1vols\u00e1gtart\u00e1sra, k\u00e9zhigi\u00e9ni\u00e1ra \u00e9s a maszkvisel\u00e9sre vonatkoz\u00f3an is; itt a hivatalos t\u00e1j\u00e9koztat\u00e1st<br>k\u00edv\u00e1njuk pontos\u00edtani, kieg\u00e9sz\u00edteni a <strong><a href=\"http:\/\/www.cisztasfibrozis.hu\/wp-content\/uploads\/2020\/09\/segitseg-az-iskolakezdeshez.pdf\" class=\"rank-math-link\">ciszt\u00e1s fibr\u00f3zisos gyerekek sz\u00fclei \u00e9s tan\u00e1rai sz\u00e1m\u00e1ra<\/a><\/strong>.<\/p>\n\n\n\n<p>Els\u0151sorban a k\u00f6zoktat\u00e1si rendszerbe el\u0151sz\u00f6r bel\u00e9p\u0151 gyerekek vonatkoz\u00e1s\u00e1ban fontos az, hogy a sz\u00fcl\u0151<br>j\u00f3l inform\u00e1lt legyen a kr\u00f3nikus betegs\u00e9g term\u00e9szet\u00e9t, k\u00f3rlefoly\u00e1s\u00e1t \u00e9s t\u00fcneteit illet\u0151en, \u00edgy<br>megfelel\u0151en tudja t\u00e1j\u00e9koztatni a tan\u00edt\u00f3kat, tan\u00e1rokat. \u00c9rdemes ismertetni a napi rutinba \u00e9p\u00fcl\u0151<br>feladatokat is, p\u00e9ld\u00e1ul inhal\u00e1l\u00e1s, autog\u00e9n dren\u00e1zs, fiziother\u00e1pia, enzimp\u00f3tl\u00e1s stb.<\/p>\n\n\n\n<p> Ugyanakkor a j\u00e1rv\u00e1ny miatt megv\u00e1ltozott k\u00f6r\u00fclm\u00e9nyek ok\u00e1n a gyereket m\u00e1r ismer\u0151 pedag\u00f3gus sz\u00e1m\u00e1ra is \u00e9rdemes a sz\u00fcl\u0151nek ism\u00e9telten besz\u00e9lnie arr\u00f3l, hogy aktu\u00e1lisan milyen t\u00fcnetei vannak a gyereknek, amik a kr\u00f3nikus megbeteged\u00e9shez k\u00f6thet\u0151ek, \u00e9s nem COVID-19 fert\u0151z\u00e9sre utal\u00f3 jeleket jelentenek.<br><\/p>\n\n\n\n<p class=\"has-light-green-cyan-background-color has-background\">Ism\u00e9tl\u00e9sk\u00e9nt, a <a href=\"http:\/\/www.cisztasfibrozis.hu\/index.php\/a-cisztas-fibrozisrol\/\" class=\"rank-math-link\"><strong>ciszt\u00e1s fibr\u00f3zis<\/strong><\/a> (CF, cisztikus fibr\u00f3zis, mukoviszcid\u00f3zis) egy autoszom\u00e1lis recessz\u00edv \u00f6r\u00f6kl\u0151d\u00e9s\u0171, velesz\u00fcletett genetikai betegs\u00e9g, amely a k\u00fcls\u0151 elv\u00e1laszt\u00e1s\u00fa mirigyek k\u00f3ros v\u00e1lad\u00e9ktermel\u00e9s\u00e9vel is j\u00e1r. Az \u00e9rintett szervek (t\u00fcd\u0151, hasny\u00e1lmirigy, m\u00e1j, em\u00e9szt\u0151rendszer, orr- \u00e9s mell\u00e9k\u00fcregei, nemi szervek) jellegzetes m\u00e1sodlagos k\u00e1rosod\u00e1s\u00e1hoz vezet. K\u00fcls\u0151leg j\u00f3l \u00e9rz\u00e9kelhet\u0151 m\u00f3don s\u00falyos l\u00e9g\u00fati \u00e9s em\u00e9szt\u0151szervi sz\u00f6v\u0151dm\u00e9nyeket okoz.<br><br>A k\u00f6vetkez\u0151 t\u00fcnetek nagy val\u00f3sz\u00edn\u0171s\u00e9ggel el\u0151fordulnak a CF-es betegn\u00e9l:<br>\u2022 gyakori k\u00f6h\u00f6g\u00e9s, s\u0171r\u0171 felk\u00f6h\u00f6g\u00f6tt v\u00e1lad\u00e9k<br>\u2022 gyakori t\u00fcd\u0151gyullad\u00e1s ill. a t\u00fcd\u0151 megbeteged\u00e9sei<br>\u2022 alacsony testmagass\u00e1g, s\u00falyveszt\u00e9s j\u00f3 \u00e9tv\u00e1gy ellen\u00e9re<br>\u2022 em\u00e9szt\u00e9si panaszok, k\u00e9s\u0151bb kialakul\u00f3 diab\u00e9tesz<br>\u2022 \u00fajsz\u00fcl\u00f6ttkori b\u00e9lm\u0171k\u00f6d\u00e9s le\u00e1ll\u00e1s (\u201eb\u00e9lelz\u00e1r\u00f3d\u00e1s\u201d)<br>\u2022 az \u00e1ltagosn\u00e1l j\u00f3val s\u00f3sabb verejt\u00e9k<\/p>\n\n\n\n<p>A fenti r\u00f6vid ism\u00e9tl\u0151 \u00f6sszefoglal\u00f3b\u00f3l is l\u00e1tszik, a k\u00f6h\u00f6g\u00e9s mindenk\u00e9pp a ciszt\u00e1s fibr\u00f3zis t\u00fcnete, amely egybe esik a COVID-19 lehets\u00e9ges t\u00fcneteinek egyik\u00e9vel, tov\u00e1bb\u00e1 a l\u00e9gszomj is lehet az alacsonyabb spirometriai (l\u00e9gz\u00e9sfunkci\u00f3s) \u00e9rt\u00e9kekkel rendelkez\u0151 CF-es gyerek \u00e1lland\u00f3 szimpt\u00f3m\u00e1ja. <\/p>\n\n\n\n<div class=\"wp-block-image is-style-default\"><figure class=\"alignright is-resized\"><img loading=\"lazy\" decoding=\"async\" src=\"https:\/\/www.ucdfoundation.ie\/wp-content\/uploads\/2018\/07\/Cystic-Fibrosis.jpg\" alt=\"J\u00e1rv\u00e1ny iskolakezd\u00e9s\" width=\"357\" height=\"259\"\/><figcaption>K\u00e9p forr\u00e1sa:  <a href=\"https:\/\/www.ucdfoundation.ie\/ucd-breakthrough-fund\/cystic-fibrosis\/\" class=\"rank-math-link\" target=\"_blank\" rel=\"noopener\">https:\/\/www.ucdfoundation.ie\/ucd-breakthrough-fund\/cystic-fibrosis\/<\/a><\/figcaption><\/figure><\/div>\n\n\n\n<p>Teh\u00e1t \u00f6nmag\u00e1ban a k\u00f6h\u00f6g\u0151 ciszt\u00e1s fibr\u00f3zisos nem coronav\u00edrusos, hanem ez az alap\u00e1llapot. Ez\u00e9rt kiemelten fontos, hogy a sz\u00fcl\u0151 (nagyobb korban a gyerek maga is) legyen tiszt\u00e1ban az aktu\u00e1lis \u00e1llapot\u00e1val, jellemz\u0151 t\u00fcneteivel, azok gyakoris\u00e1g\u00e1val, ha abban b\u00e1rmilyen v\u00e1ltoz\u00e1s t\u00f6rt\u00e9nik, m\u00e9rlegelni kell, hogy mi a v\u00e1ltoz\u00e1s okoz\u00f3ja (exacerb\u00e1ci\u00f3, esetlegesen COVID-19 fert\u0151z\u00e9s stb). <\/p>\n\n\n\n<p>Az ilyen \u00e9szrevehet\u0151 v\u00e1ltoz\u00e1s (pl. produkt\u00edv k\u00f6h\u00f6g\u00e9s sz\u00e1razabb\u00e1 v\u00e1l\u00e1sa) eset\u00e9n halad\u00e9ktalan telefonos konzult\u00e1ci\u00f3t javaslunk a kezel\u0151orvossal, aki m\u00e9rlegeli a helyzetet, teszt rendel\u00e9s\u00e9t vagy egy\u00e9b ther\u00e1pi\u00e1t javasol. Err\u0151l az iskol\u00e1ban szok\u00e1sos m\u00f3don \u00e9rtes\u00edts\u00fck a pedag\u00f3gust, oszt\u00e1lyf\u0151n\u00f6k\u00f6t is.<br><\/p>\n\n\n\n<p>A jelenlegi ismereteink \u00e9s tapasztalataink a ciszt\u00e1s fibr\u00f3zisos gyerekek COVID-19 fert\u0151z\u00e9s<br>k\u00f3rlefoly\u00e1s\u00e1ra vonatkoz\u00f3an hi\u00e1nyosak, mivel (szerencs\u00e9re) kev\u00e9s gyerek fert\u0151z\u00f6d\u00f6tt meg, azonban az<br>\u2013 egy\u00e9bk\u00e9nt alacsony sz\u00e1m\u00fa \u2013 mint\u00e1n szerzett tapasztalat arra enged k\u00f6vetkeztetni, hogy a CF-es<br>gyerekek sz\u00e1m\u00e1ra sem jelent s\u00falyosabb t\u00fcnetekkel j\u00e1r\u00f3 betegs\u00e9get, vagy nagyobb megpr\u00f3b\u00e1ltat\u00e1st a<br>coronav\u00edrus okozta fert\u0151z\u00e9s, mint az \u00e1ltagos eg\u00e9szs\u00e9ges gyerekek sz\u00e1m\u00e1ra. <\/p>\n\n\n\n<p>Enyhe lefoly\u00e1s\u00fa COVID-19 fert\u0151z\u00e9s eset\u00e9n val\u00f3sz\u00edn\u0171leg a kezel\u0151orvos is csak a szok\u00e1sos t\u00fcneti kezel\u00e9seket mag\u00e1ba foglal\u00f3 ther\u00e1pi\u00e1t javasol.<\/p>\n\n\n\n<p>Vil\u00e1gszerte l\u00e9teznek orsz\u00e1gos hat\u00e1ly\u00fa COVID-19 j\u00e1rv\u00e1ny\u00fcgyi aj\u00e1nl\u00e1sok az iskolakezd\u00e9sre vonatkoz\u00f3an,<br>ahol k\u00fcl\u00f6n eml\u00edti a szab\u00e1lyoz\u00e1s a CF-et, ott javasolj\u00e1k az \u00e9rintett beteg gyerekek tantermi oktat\u00e1sban<br>val\u00f3 r\u00e9szv\u00e9tel\u00e9t. Kiv\u00e9telt k\u00e9peznek a rossz \u00e1ltal\u00e1nos \u00e1llapot\u00fa betegek \u00e9s szerv\u00e1t\u00fcltet\u00e9sen egy \u00e9ven<br>bel\u00fcl \u00e1tesettek, az \u0151 eset\u00fckben csak a kezel\u0151orvos kifejezett aj\u00e1nl\u00e1sa alapj\u00e1n javasolt a gyerek<br>visszat\u00e9r\u00e9se az iskolapadba. Emellett javasolt a hivatalos t\u00e1j\u00e9koztat\u00e1si csatorn\u00e1k naprak\u00e9sz nyomon<br>k\u00f6vet\u00e9se is, kisz\u0171rve az \u00e1ltudom\u00e1nyos, f\u00e9lrevezet\u0151, a v\u00e9dekez\u00e9s fontoss\u00e1g\u00e1t megk\u00e9rd\u0151jelez\u0151<br>inform\u00e1ci\u00f3kat.<\/p>\n\n\n\n<p>V\u00e9gezet\u00fcl, de nem utols\u00f3 sorban, javasoljuk a gyerekkel val\u00f3 besz\u00e9lget\u00e9st, az \u00e9letkor\u00e1nak megfelel\u0151<br>nyelvezetben felvil\u00e1gos\u00edtva arr\u00f3l, milyen szab\u00e1lyokat kell betartania, \u00e9s arr\u00f3l is, hogy mire kell neki<br>pluszban odafigyelnie.<\/p>\n\n\n\n<p class=\"has-light-green-cyan-background-color has-background\">A j\u00e1rv\u00e1ny alatti iskolakezd\u00e9s \u00faj kih\u00edv\u00e1s el\u00e9 \u00e1ll\u00edtja a gyerekeket, sz\u00fcl\u0151ket, pedag\u00f3gusokat is,<br>azonban extra terhet jelent a CF-es tanul\u00f3k eset\u00e9n minden r\u00e9sztvev\u0151 sz\u00e1m\u00e1ra a betegs\u00e9g<br>megismer\u00e9se, megismertet\u00e9se, ezen fel\u00fcl <strong>a gyerek jellemz\u0151<\/strong> (\u00e1lland\u00f3) <strong>t\u00fcneteihez k\u00e9pest<br>bek\u00f6vetkez\u0151 relev\u00e1ns v\u00e1ltoz\u00e1s korai felismer\u00e9se is. <\/strong><br><strong>Alaphelyzetben a k\u00f6h\u00f6g\u00e9s norm\u00e1lis jelens\u00e9g, \u00f6nmag\u00e1ban nem coronav\u00edrus-fert\u0151z\u00e9sre utal\u00f3 jel ciszt\u00e1s fibr\u00f3zisban.<\/strong><\/p>\n\n\n\n<h2 class=\"has-text-align-center has-vivid-red-color has-text-color wp-block-heading\"><strong>K\u00f6sz\u00f6nj\u00fck a pedag\u00f3gusok, oktat\u00f3k seg\u00edts\u00e9g\u00e9t \u00e9s meg\u00e9rt\u00e9s\u00e9t<\/strong>.<\/h2>\n\n\n\n<h4 class=\"wp-block-heading\"><br>Forr\u00e1sok:<br><a href=\"https:\/\/koronavirus.gov.hu\/mit-tegyunk-tunetek-eseten\" class=\"rank-math-link\" target=\"_blank\" rel=\"noopener\">https:\/\/koronavirus.gov.hu\/mit-tegyunk-tunetek-eseten<\/a><br><a href=\"https:\/\/services.aap.org\/en\/pages\/2019-novel-coronavirus-covid-19-infections\/clinical-guidance\/covid-19-planning-considerations-returnto-in-person-education-in-schools\/\" class=\"rank-math-link\" target=\"_blank\" rel=\"noopener\">https:\/\/services.aap.org\/en\/pages\/2019-novel-coronavirus-covid-19-infections\/clinical-guidance\/covid-19-planning-considerations-returnto-in-person-education-in-schools\/<\/a><br><a href=\"https:\/\/www.cysticfibrosis.ca\/about-cf\/covid-19-information-for-cf-community\/general-covid-19-questions-answers\" class=\"rank-math-link\" target=\"_blank\" rel=\"noopener\">https:\/\/www.cysticfibrosis.ca\/about-cf\/covid-19-information-for-cf-community\/general-covid-19-questions-answers<\/a><br><a href=\"https:\/\/pediatrics.uams.edu\/clinical-programs-affiliates\/cystic-fibrosis-center\/cf-in-school\/\" class=\"rank-math-link\" target=\"_blank\" rel=\"noopener\">https:\/\/pediatrics.uams.edu\/clinical-programs-affiliates\/cystic-fibrosis-center\/cf-in-school\/<\/a><br><a href=\"https:\/\/www2.hse.ie\/conditions\/coronavirus\/protecting-your-child.html\" class=\"rank-math-link\" target=\"_blank\" rel=\"noopener\">https:\/\/www2.hse.ie\/conditions\/coronavirus\/protecting-your-child.html<\/a><br>NHS Foundation Trust kiadv\u00e1ny, <br>tov\u00e1bb\u00e1 sz\u00f3beli k\u00f6zl\u00e9sek<\/h4>\n\n\n\n<h2 class=\"has-text-align-center has-vivid-red-color has-text-color wp-block-heading\"><br>Az \u00f6ssze\u00e1ll\u00edt\u00e1s kinyomtathat\u00f3 verzi\u00f3ban<strong><a href=\"http:\/\/www.cisztasfibrozis.hu\/wp-content\/uploads\/2020\/09\/segitseg-az-iskolakezdeshez.pdf\" class=\"rank-math-link\"> ide kattintva<\/a><\/strong> let\u00f6lthet\u0151!<\/h2>\n\n\n\n<p>\u00d6ssze\u00e1ll\u00edtotta: <strong>Nagy G\u00e1bor Istv\u00e1n<\/strong><\/p>\n\n\n\n<p class=\"has-pale-cyan-blue-background-color has-background\"><a href=\"http:\/\/www.cisztasfibrozis.hu\" class=\"rank-math-link\">Vissza a f\u0151oldalra<\/a><\/p>\n","protected":false},"excerpt":{"rendered":"<p>A j\u00e1rv\u00e1ny magyarorsz\u00e1gi megjelen\u00e9s\u00e9t r\u00f6viddel k\u00f6vette az online oktat\u00e1si form\u00e1kra val\u00f3 \u00e1t\u00e1ll\u00e1s, a pand\u00e9mia terjed\u00e9s\u00e9t figyelve \u00e9s a tapasztalatokat levonva az a korm\u00e1nyzati d\u00f6nt\u00e9s sz\u00fcletett,&#8230;<\/p>\n","protected":false},"author":2,"featured_media":2250,"parent":0,"menu_order":0,"comment_status":"closed","ping_status":"closed","template":"","meta":{"footnotes":""},"class_list":["post-2246","page","type-page","status-publish","has-post-thumbnail","hentry","entry","double"],"_links":{"self":[{"href":"https:\/\/www.cisztasfibrozis.hu\/index.php\/wp-json\/wp\/v2\/pages\/2246","targetHints":{"allow":["GET"]}}],"collection":[{"href":"https:\/\/www.cisztasfibrozis.hu\/index.php\/wp-json\/wp\/v2\/pages"}],"about":[{"href":"https:\/\/www.cisztasfibrozis.hu\/index.php\/wp-json\/wp\/v2\/types\/page"}],"author":[{"embeddable":true,"href":"https:\/\/www.cisztasfibrozis.hu\/index.php\/wp-json\/wp\/v2\/users\/2"}],"replies":[{"embeddable":true,"href":"https:\/\/www.cisztasfibrozis.hu\/index.php\/wp-json\/wp\/v2\/comments?post=2246"}],"version-history":[{"count":12,"href":"https:\/\/www.cisztasfibrozis.hu\/index.php\/wp-json\/wp\/v2\/pages\/2246\/revisions"}],"predecessor-version":[{"id":2266,"href":"https:\/\/www.cisztasfibrozis.hu\/index.php\/wp-json\/wp\/v2\/pages\/2246\/revisions\/2266"}],"wp:featuredmedia":[{"embeddable":true,"href":"https:\/\/www.cisztasfibrozis.hu\/index.php\/wp-json\/wp\/v2\/media\/2250"}],"wp:attachment":[{"href":"https:\/\/www.cisztasfibrozis.hu\/index.php\/wp-json\/wp\/v2\/media?parent=2246"}],"curies":[{"name":"wp","href":"https:\/\/api.w.org\/{rel}","templated":true}]}}