{"id":1329,"date":"2020-02-21T23:28:37","date_gmt":"2020-02-21T22:28:37","guid":{"rendered":"http:\/\/www.cisztasfibrozis.hu\/?page_id=1329"},"modified":"2020-05-04T23:18:01","modified_gmt":"2020-05-04T21:18:01","slug":"ado1szazalek","status":"publish","type":"page","link":"https:\/\/www.cisztasfibrozis.hu\/index.php\/ado1szazalek\/","title":{"rendered":"Ad\u00f3 1%"},"content":{"rendered":"\n<h2 class=\"wp-block-heading\">K\u00e9rj\u00fck t\u00e1mogassa az ad\u00f3 1%-\u00e1val Ciszt\u00e1s Fibr\u00f3zisos Betegek Egyes\u00fclet\u00e9t (CFBE), hogy tov\u00e1bbra is magas sz\u00ednvonalon tudjuk v\u00e9gezni munk\u00e1nkat ezzel is t\u00e1mogatva a betegeket.<\/h2>\n\n\n\n<p class=\"has-background has-very-light-gray-background-color\"><a href=\"http:\/\/www.cisztasfibrozis.hu\/index.php\/2019\/12\/23\/evadzaro2019\/\">\u00c9vadz\u00e1r\u00f3 \u2013 2019<\/a><\/p>\n\n\n\n<p class=\"has-background has-very-light-gray-background-color\"><a href=\"http:\/\/www.cisztasfibrozis.hu\/index.php\/2018\/12\/21\/ev-vegi-gondolatok-2018\/\">\u00c9v v\u00e9gi gondolatok \u2013 2018<\/a><\/p>\n\n\n\n<p>Ad\u00f3 1% &#8211; r\u00f3l az \u00e9ves ad\u00f3bevall\u00e1ssal egy\u00fctt tudunk rendelkezni.  <strong>Bevall\u00e1si hat\u00e1rid\u0151: 2020. m\u00e1jus 20.<\/strong><\/p>\n\n\n\n<p>T\u00f6bb lehet\u0151s\u00e9g k\u00f6z\u00fcl v\u00e1laszthatunk m\u00e1r:<\/p>\n\n\n\n<ul class=\"wp-block-list\"><li>\u00dcgyf\u00e9lkapu regisztr\u00e1ci\u00f3val rendelkez\u0151k <a href=\"https:\/\/eszja.nav.gov.hu\/app\/login\/#login\" target=\"_blank\" rel=\"noopener\">online<\/a>  rendelkezhetnek. <br><\/li><\/ul>\n\n\n\n<figure class=\"wp-block-image size-large\"><img loading=\"lazy\" decoding=\"async\" width=\"961\" height=\"352\" src=\"http:\/\/www.cisztasfibrozis.hu\/wp-content\/uploads\/2020\/02\/image-1.png\" alt=\"Ad\u00f3 1% hoz sz\u00fcks\u00e9ges ad\u00f3sz\u00e1m kiv\u00e1laszt\u00e1sa a NAV rendszer\u00e9ben\" class=\"wp-image-1333\" srcset=\"https:\/\/www.cisztasfibrozis.hu\/wp-content\/uploads\/2020\/02\/image-1.png 961w, https:\/\/www.cisztasfibrozis.hu\/wp-content\/uploads\/2020\/02\/image-1-300x110.png 300w, https:\/\/www.cisztasfibrozis.hu\/wp-content\/uploads\/2020\/02\/image-1-768x281.png 768w\" sizes=\"auto, (max-width: 961px) 100vw, 961px\" \/><\/figure>\n\n\n\n<ul class=\"wp-block-list\"><li>A pap\u00edr alap\u00fa eset\u00e9ben  f\u00fcggetlen\u00fcl az ad\u00f3 bevall\u00e1st\u00f3l is feladhat\u00f3 a felaj\u00e1nl\u00e1s bor\u00edt\u00e9kban.<br>El\u0151sz\u00f6r ki kell t\u00f6lteni 19EGYSZA nyomtatv\u00e1nyt<br>\u00c9rtelemszer\u0171en az ad\u00f3z\u00f3 adataival majd pedig az Egyes\u00fclet ad\u00f3sz\u00e1m\u00e1t  kell felt\u00fcntetni :<br>                                                 <\/li><\/ul>\n\n\n\n<h2 class=\"has-text-align-center wp-block-heading\"><strong> Ad\u00f3sz\u00e1m: 19675558-1-13 <\/strong><\/h2>\n\n\n\n<div class=\"wp-block-image\"><figure class=\"aligncenter size-large is-resized\"><a href=\"http:\/\/www.cisztasfibrozis.hu\/wp-content\/uploads\/2020\/02\/19EGYSZA_nyomtatvanykep.pdf\"><img loading=\"lazy\" decoding=\"async\" src=\"http:\/\/www.cisztasfibrozis.hu\/wp-content\/uploads\/2020\/02\/ad\u00f3s.jpg\" alt=\"Ad\u00f3 1% rendelkez\u0151 nyilatkozat\" class=\"wp-image-1334\" width=\"466\" height=\"590\" srcset=\"https:\/\/www.cisztasfibrozis.hu\/wp-content\/uploads\/2020\/02\/ad\u00f3s.jpg 659w, https:\/\/www.cisztasfibrozis.hu\/wp-content\/uploads\/2020\/02\/ad\u00f3s-237x300.jpg 237w\" sizes=\"auto, (max-width: 466px) 100vw, 466px\" \/><\/a><figcaption>19EGYSZA &#8211; Minta p\u00e9ld\u00e1ny.<\/figcaption><\/figure><\/div>\n\n\n\n<ol class=\"wp-block-list\"><li>bor\u00edt\u00e9kon szerepelnie kell a felad\u00f3nak \u00e9s AD\u00d3AZONOS\u00cdT\u00d3 JEL\u00c9NEK, an\u00e9lk\u00fcl a rendelkez\u00e9s \u00e9rv\u00e9nytelen!<\/li><li>A feladott lapon az egyes\u00fclet ad\u00f3sz\u00e1m\u00e1nak helyesen kell szerepelnie. (Ad\u00f3sz\u00e1m: <strong><em>19675558-1-13<\/em><\/strong>) Az egyes\u00fclet ad\u00f3sz\u00e1ma n\u00e9lk\u00fcl a rendelkez\u00e9s \u00e9rv\u00e9nytelen!<\/li><\/ol>\n\n\n\n<div class=\"wp-block-image\"><figure class=\"aligncenter size-large\"><a href=\"https:\/\/www.facebook.com\/CisztasFibrozisMagyarorszag\/photos\/a.218332881653289\/1645736162246280\/?type=3&amp;theater\" target=\"_blank\" rel=\"noopener\"><img loading=\"lazy\" decoding=\"async\" width=\"501\" height=\"526\" src=\"http:\/\/www.cisztasfibrozis.hu\/wp-content\/uploads\/2020\/02\/egyszazalk-Made-with-PosterMyWall-2.jpg\" alt=\"Ad\u00f3 1% leveles k\u00e9zbes\u00edt\u00e9s mint\u00e1ja\" class=\"wp-image-1343\" srcset=\"https:\/\/www.cisztasfibrozis.hu\/wp-content\/uploads\/2020\/02\/egyszazalk-Made-with-PosterMyWall-2.jpg 501w, https:\/\/www.cisztasfibrozis.hu\/wp-content\/uploads\/2020\/02\/egyszazalk-Made-with-PosterMyWall-2-286x300.jpg 286w\" sizes=\"auto, (max-width: 501px) 100vw, 501px\" \/><\/a><\/figure><\/div>\n\n\n\n<p>A bor\u00edt\u00e9kot bevihetj\u00fck szem\u00e9lyesen a <a href=\"https:\/\/www.nav.gov.hu\/nav\/igazgatosagok\" target=\"_blank\" rel=\"noopener\">ter\u00fcletileg illet\u00e9kes ad\u00f3hivatalba<\/a> vagy feladhatjuk  <a href=\"http:\/\/nav.gov.hu\/data\/cms291832\/Adoigazgatosagok_cimlistaja.pdf\" target=\"_blank\" rel=\"noopener\">postai \u00faton <\/a> is.<\/p>\n\n\n\n<p><\/p>\n\n\n\n<h2 class=\"has-text-align-center wp-block-heading\">K\u00f6sz\u00f6nj\u00fck a t\u00e1mogat\u00e1st!<br><\/h2>\n\n\n\n<div class=\"wp-block-image\"><figure class=\"aligncenter size-large is-resized\"><a href=\"http:\/\/www.cisztasfibrozis.hu\/wp-content\/uploads\/2020\/02\/85047031_1645736168912946_7070367354424655872_o-724x1024.jpg\"><img loading=\"lazy\" decoding=\"async\" src=\"http:\/\/www.cisztasfibrozis.hu\/wp-content\/uploads\/2020\/02\/85047031_1645736168912946_7070367354424655872_o-724x1024.jpg\" alt=\"Ad\u00f3 1% plak\u00e1t 2020\" class=\"wp-image-1347\" width=\"455\" height=\"643\" srcset=\"https:\/\/www.cisztasfibrozis.hu\/wp-content\/uploads\/2020\/02\/85047031_1645736168912946_7070367354424655872_o-724x1024.jpg 724w, https:\/\/www.cisztasfibrozis.hu\/wp-content\/uploads\/2020\/02\/85047031_1645736168912946_7070367354424655872_o-212x300.jpg 212w, https:\/\/www.cisztasfibrozis.hu\/wp-content\/uploads\/2020\/02\/85047031_1645736168912946_7070367354424655872_o-768x1087.jpg 768w, https:\/\/www.cisztasfibrozis.hu\/wp-content\/uploads\/2020\/02\/85047031_1645736168912946_7070367354424655872_o-1086x1536.jpg 1086w, https:\/\/www.cisztasfibrozis.hu\/wp-content\/uploads\/2020\/02\/85047031_1645736168912946_7070367354424655872_o.jpg 1111w\" sizes=\"auto, (max-width: 455px) 100vw, 455px\" \/><\/a><\/figure><\/div>\n\n\n<ul class=\"wp-block-latest-posts__list wp-block-latest-posts\"><li><a class=\"wp-block-latest-posts__post-title\" href=\"https:\/\/www.cisztasfibrozis.hu\/index.php\/2026\/04\/06\/cf-hetvege-2026-fonyodliget\/\">CF H\u00e9tv\u00e9ge 2026 &#8211; Fony\u00f3dliget<\/a><\/li>\n<li><a class=\"wp-block-latest-posts__post-title\" href=\"https:\/\/www.cisztasfibrozis.hu\/index.php\/2026\/03\/30\/kozgyulesi-meghivo-2\/\">K\u00f6zgy\u0171l\u00e9si megh\u00edv\u00f3<\/a><\/li>\n<li><a class=\"wp-block-latest-posts__post-title\" href=\"https:\/\/www.cisztasfibrozis.hu\/index.php\/2026\/02\/17\/ismet-szuloi-klub-a-heim-pal-orszagos-gyermekgyogyaszati-intezetben\/\">Ism\u00e9t Sz\u00fcl\u0151i klub a Heim P\u00e1l Orsz\u00e1gos Gyermekgy\u00f3gy\u00e1szati Int\u00e9zetben!<\/a><\/li>\n<li><a class=\"wp-block-latest-posts__post-title\" href=\"https:\/\/www.cisztasfibrozis.hu\/index.php\/2026\/02\/05\/nekunk-a-legzes-kemeny-munka\/\">NEK\u00dcNK A L\u00c9GZ\u00c9S KEM\u00c9NY MUNKA<\/a><\/li>\n<li><a class=\"wp-block-latest-posts__post-title\" href=\"https:\/\/www.cisztasfibrozis.hu\/index.php\/2025\/12\/24\/karacsonyi-jokivansagok\/\">Kar\u00e1csonyi j\u00f3kiv\u00e1ns\u00e1gok<\/a><\/li>\n<\/ul>\n\n\n<p class=\"has-background has-text-align-center has-very-light-gray-background-color\"><a href=\"http:\/\/www.cisztasfibrozis.hu\">Vissza a f\u0151oldalra<\/a><\/p>\n","protected":false},"excerpt":{"rendered":"<p>K\u00e9rj\u00fck t\u00e1mogassa az ad\u00f3 1%-\u00e1val Ciszt\u00e1s Fibr\u00f3zisos Betegek Egyes\u00fclet\u00e9t (CFBE), hogy tov\u00e1bbra is magas sz\u00ednvonalon tudjuk v\u00e9gezni munk\u00e1nkat ezzel is t\u00e1mogatva a betegeket. \u00c9vadz\u00e1r\u00f3 \u2013&#8230;<\/p>\n","protected":false},"author":2,"featured_media":2168,"parent":0,"menu_order":0,"comment_status":"closed","ping_status":"closed","template":"","meta":{"footnotes":""},"class_list":["post-1329","page","type-page","status-publish","has-post-thumbnail","hentry","entry","double"],"_links":{"self":[{"href":"https:\/\/www.cisztasfibrozis.hu\/index.php\/wp-json\/wp\/v2\/pages\/1329","targetHints":{"allow":["GET"]}}],"collection":[{"href":"https:\/\/www.cisztasfibrozis.hu\/index.php\/wp-json\/wp\/v2\/pages"}],"about":[{"href":"https:\/\/www.cisztasfibrozis.hu\/index.php\/wp-json\/wp\/v2\/types\/page"}],"author":[{"embeddable":true,"href":"https:\/\/www.cisztasfibrozis.hu\/index.php\/wp-json\/wp\/v2\/users\/2"}],"replies":[{"embeddable":true,"href":"https:\/\/www.cisztasfibrozis.hu\/index.php\/wp-json\/wp\/v2\/comments?post=1329"}],"version-history":[{"count":22,"href":"https:\/\/www.cisztasfibrozis.hu\/index.php\/wp-json\/wp\/v2\/pages\/1329\/revisions"}],"predecessor-version":[{"id":2110,"href":"https:\/\/www.cisztasfibrozis.hu\/index.php\/wp-json\/wp\/v2\/pages\/1329\/revisions\/2110"}],"wp:featuredmedia":[{"embeddable":true,"href":"https:\/\/www.cisztasfibrozis.hu\/index.php\/wp-json\/wp\/v2\/media\/2168"}],"wp:attachment":[{"href":"https:\/\/www.cisztasfibrozis.hu\/index.php\/wp-json\/wp\/v2\/media?parent=1329"}],"curies":[{"name":"wp","href":"https:\/\/api.w.org\/{rel}","templated":true}]}}