{"id":1104,"date":"2019-10-22T12:48:06","date_gmt":"2019-10-22T10:48:06","guid":{"rendered":"http:\/\/www.cisztasfibrozis.hu\/?page_id=1104"},"modified":"2023-02-19T21:26:14","modified_gmt":"2023-02-19T20:26:14","slug":"cf-eseten-igenyelheto-szocialis-ellatasok","status":"publish","type":"page","link":"https:\/\/www.cisztasfibrozis.hu\/index.php\/kiadvanyok\/cf-eseten-igenyelheto-szocialis-ellatasok\/","title":{"rendered":"Ciszt\u00e1s Fibr\u00f3zis eset\u00e9n ig\u00e9nyelhet\u0151 szoci\u00e1lis ell\u00e1t\u00e1sok \u00e9s kedvezm\u00e9nyek"},"content":{"rendered":"\n<p><strong>\u00d6ssze\u00e1ll\u00edtotta: Horv\u00e1th L\u00edvia (2023)<\/strong><\/p>\n\n\n\n<h4 class=\"wp-block-heading\">Az \u00f6ssze\u00e1ll\u00edt\u00e1s seg\u00edt eligazodni a jelenleg is aktu\u00e1lisan ig\u00e9nyelhet\u0151 szoci\u00e1lis ell\u00e1t\u00e1sok \u00e9s kedvezm\u00e9nyek k\u00f6z\u00f6tt. A teljes dokumentum <a href=\"http:\/\/www.cisztasfibrozis.hu\/wp-content\/uploads\/2023\/02\/CF_ellatasok_2023.pdf\" target=\"_blank\" rel=\"noreferrer noopener\">let\u00f6lt\u00e9s<\/a> ut\u00e1n el\u00e9rhet\u0151.<\/h4>\n\n\n\n<p><\/p>\n\n\n<a href=\"https:\/\/www.cisztasfibrozis.hu\/wp-content\/uploads\/2023\/02\/CF_ellatasok_2023.pdf\" class=\"pdfemb-viewer\" style=\"\" data-width=\"max\" data-height=\"max\" data-toolbar=\"bottom\" data-toolbar-fixed=\"off\">CF_ellatasok_2023<\/a>\n<p class=\"wp-block-pdfemb-pdf-embedder-viewer\"><\/p>\n\n\n\n<p class=\"has-very-light-gray-background-color has-background\"><a href=\"http:\/\/www.cisztasfibrozis.hu\">Vissza a f\u0151oldalra<\/a><\/p>\n","protected":false},"excerpt":{"rendered":"<p>\u00d6ssze\u00e1ll\u00edtotta: Horv\u00e1th L\u00edvia (2023) Az \u00f6ssze\u00e1ll\u00edt\u00e1s seg\u00edt eligazodni a jelenleg is aktu\u00e1lisan ig\u00e9nyelhet\u0151 szoci\u00e1lis ell\u00e1t\u00e1sok \u00e9s kedvezm\u00e9nyek k\u00f6z\u00f6tt. A teljes dokumentum let\u00f6lt\u00e9s ut\u00e1n el\u00e9rhet\u0151. Vissza&#8230;<\/p>\n","protected":false},"author":2,"featured_media":1113,"parent":106,"menu_order":1,"comment_status":"closed","ping_status":"closed","template":"","meta":{"footnotes":""},"class_list":["post-1104","page","type-page","status-publish","has-post-thumbnail","hentry","entry","double"],"_links":{"self":[{"href":"https:\/\/www.cisztasfibrozis.hu\/index.php\/wp-json\/wp\/v2\/pages\/1104","targetHints":{"allow":["GET"]}}],"collection":[{"href":"https:\/\/www.cisztasfibrozis.hu\/index.php\/wp-json\/wp\/v2\/pages"}],"about":[{"href":"https:\/\/www.cisztasfibrozis.hu\/index.php\/wp-json\/wp\/v2\/types\/page"}],"author":[{"embeddable":true,"href":"https:\/\/www.cisztasfibrozis.hu\/index.php\/wp-json\/wp\/v2\/users\/2"}],"replies":[{"embeddable":true,"href":"https:\/\/www.cisztasfibrozis.hu\/index.php\/wp-json\/wp\/v2\/comments?post=1104"}],"version-history":[{"count":12,"href":"https:\/\/www.cisztasfibrozis.hu\/index.php\/wp-json\/wp\/v2\/pages\/1104\/revisions"}],"predecessor-version":[{"id":2681,"href":"https:\/\/www.cisztasfibrozis.hu\/index.php\/wp-json\/wp\/v2\/pages\/1104\/revisions\/2681"}],"up":[{"embeddable":true,"href":"https:\/\/www.cisztasfibrozis.hu\/index.php\/wp-json\/wp\/v2\/pages\/106"}],"wp:featuredmedia":[{"embeddable":true,"href":"https:\/\/www.cisztasfibrozis.hu\/index.php\/wp-json\/wp\/v2\/media\/1113"}],"wp:attachment":[{"href":"https:\/\/www.cisztasfibrozis.hu\/index.php\/wp-json\/wp\/v2\/media?parent=1104"}],"curies":[{"name":"wp","href":"https:\/\/api.w.org\/{rel}","templated":true}]}}