{"id":106,"date":"2017-11-05T23:46:55","date_gmt":"2017-11-05T22:46:55","guid":{"rendered":"http:\/\/test.cisztasfibrozis.hu\/?page_id=106"},"modified":"2020-04-23T14:28:50","modified_gmt":"2020-04-23T12:28:50","slug":"kiadvanyok","status":"publish","type":"page","link":"https:\/\/www.cisztasfibrozis.hu\/index.php\/kiadvanyok\/","title":{"rendered":"Kiadv\u00e1nyok"},"content":{"rendered":"\n<h4 class=\"wp-block-heading\"> Az Egyes\u00fclet \u00e1ltal k\u00e9sz\u00edtett \u00e9s haszn\u00e1lt kor\u00e1bbi kiadv\u00e1nyok: <\/h4>\n\n\n\n<div class=\"wp-block-image is-style-default\"><figure class=\"alignright is-resized\"><img loading=\"lazy\" decoding=\"async\" src=\"https:\/\/image.freepik.com\/free-photo\/book-library-with-old-open-textbook-stack-piles-literature-text-archive-reading-desk_1150-9087.jpg\" alt=\"CFBE kiadv\u00e1nyok illusztr\u00e1ci\u00f3\" width=\"343\" height=\"229\"\/><\/figure><\/div>\n\n\n\n<ul class=\"wp-block-list\"><li>kiadv\u00e1nyokat, <\/li><li>\u00fajs\u00e1gokat, <\/li><li>h\u00edrleveleket, <\/li><li>plak\u00e1tokat \u00e9s egy\u00e9b sz\u00f3r\u00f3anyagokat tal\u00e1l amelyeket a k\u00fcl\u00f6nb\u00f6z\u0151 rendezv\u00e9nyekre vagy figyelemfelh\u00edv\u00e1si c\u00e9llal k\u00e9sz\u00edtett\u00fcnk. <\/li><\/ul>\n\n\n\n<p>Haszn\u00e1latukkal sokat seg\u00edthet az Egyes\u00fclet c\u00e9ljainak megval\u00f3s\u00edt\u00e1s\u00e1ban, k\u00f6sz\u00f6nj\u00fck ha let\u00f6lti&nbsp;\u00e9s felhaszn\u00e1lja azokat!<\/p>\n\n\n\r\n\t        <p class=\"m1dll_subdirpath\"><strong>path:<\/strong> <a href=\"https:\/\/www.cisztasfibrozis.hu\/index.php\/kiadvanyok\/\">Let\u00f6lthet\u0151 kiadv\u00e1nyok<\/a><\/p>\r\n\t        \r\n        <ul class=\"m1dll_filelist\">\r\n        \r\n\t\t\t\t\t\t\t<li>\r\n\r\n\t\t\t\t\t\t\t\t\t\t\t<a href=\"\/index.php\/wp-json\/wp\/v2\/pages\/106?d=L0tBUE9DUw%3D%3D&#038;m1dll_index_get=0\" class=\"test\" style=\"background: url('https:\/\/www.cisztasfibrozis.hu\/wp-content\/plugins\/m1downloadlist\/icons\/folder.gif') left no-repeat; padding-left:20px;\">\r\n\t\t\t\t\t\t\t\t\t\t\tKAPOCS\r\n\t\t\t\t\t\t\t\t\t\t\t<\/a>\r\n\t\t\t\t\t\t\t\t\t\t\t<span class=\"m1dll_filesize\"><\/span>\r\n\t\t\t\t\t\t\t\t\t\t\t\r\n\t\t\t\t\t\t\t<\/li>\r\n\t\t\t\t\t\t\t\r\n\t\t\t\t\t\t\t<li>\r\n\r\n\t\t\t\t\t\t\t\t\t\t\t<a href=\"https:\/\/www.cisztasfibrozis.hu\/wp-content\/files\/documents\/etc\/\/Anna_eletkilatasa.jpg?_wpnonce=c891104c8f\" class=\"test\" style=\"background: url('https:\/\/www.cisztasfibrozis.hu\/wp-content\/plugins\/m1downloadlist\/icons\/imgfile.gif') left no-repeat; padding-left:20px;\">\r\n\t\t\t\t\t\t\t\t\t\t\tAnna_eletkilatasa.jpg\r\n\t\t\t\t\t\t\t\t\t\t\t<\/a>\r\n\t\t\t\t\t\t\t\t\t\t\t<span class=\"m1dll_filesize\">105,47&nbsp;kb<\/span>\r\n\t\t\t\t\t\t\t\t\t\t\t\r\n\t\t\t\t\t\t\t<\/li>\r\n\t\t\t\t\t\t\t\r\n\t\t\t\t\t\t\t<li>\r\n\r\n\t\t\t\t\t\t\t\t\t\t\t<a href=\"https:\/\/www.cisztasfibrozis.hu\/wp-content\/files\/documents\/etc\/\/CF%20Eseten%20igenyelheto%20szocialis%20ellatasok.pdf?_wpnonce=c891104c8f\" class=\"test\" style=\"background: url('https:\/\/www.cisztasfibrozis.hu\/wp-content\/plugins\/m1downloadlist\/icons\/pdffile.gif') left no-repeat; padding-left:20px;\">\r\n\t\t\t\t\t\t\t\t\t\t\tCF Eseten igenyelheto szocialis ellatasok.pdf\r\n\t\t\t\t\t\t\t\t\t\t\t<\/a>\r\n\t\t\t\t\t\t\t\t\t\t\t<span class=\"m1dll_filesize\">817,58&nbsp;kb<\/span>\r\n\t\t\t\t\t\t\t\t\t\t\t\r\n\t\t\t\t\t\t\t<\/li>\r\n\t\t\t\t\t\t\t\r\n\t\t\t\t\t\t\t<li>\r\n\r\n\t\t\t\t\t\t\t\t\t\t\t<a href=\"https:\/\/www.cisztasfibrozis.hu\/wp-content\/files\/documents\/etc\/\/CSIBE_Hasznalati_utmutato.pdf?_wpnonce=c891104c8f\" class=\"test\" style=\"background: url('https:\/\/www.cisztasfibrozis.hu\/wp-content\/plugins\/m1downloadlist\/icons\/pdffile.gif') left no-repeat; padding-left:20px;\">\r\n\t\t\t\t\t\t\t\t\t\t\tCSIBE_Hasznalati_utmutato.pdf\r\n\t\t\t\t\t\t\t\t\t\t\t<\/a>\r\n\t\t\t\t\t\t\t\t\t\t\t<span class=\"m1dll_filesize\">298,89&nbsp;kb<\/span>\r\n\t\t\t\t\t\t\t\t\t\t\t\r\n\t\t\t\t\t\t\t<\/li>\r\n\t\t\t\t\t\t\t\r\n\t\t\t\t\t\t\t<li>\r\n\r\n\t\t\t\t\t\t\t\t\t\t\t<a href=\"https:\/\/www.cisztasfibrozis.hu\/wp-content\/files\/documents\/etc\/\/ECFSPR_HU.pdf?_wpnonce=c891104c8f\" class=\"test\" style=\"background: url('https:\/\/www.cisztasfibrozis.hu\/wp-content\/plugins\/m1downloadlist\/icons\/pdffile.gif') left no-repeat; padding-left:20px;\">\r\n\t\t\t\t\t\t\t\t\t\t\tECFSPR_HU.pdf\r\n\t\t\t\t\t\t\t\t\t\t\t<\/a>\r\n\t\t\t\t\t\t\t\t\t\t\t<span class=\"m1dll_filesize\">1,01&nbsp;MB<\/span>\r\n\t\t\t\t\t\t\t\t\t\t\t\r\n\t\t\t\t\t\t\t<\/li>\r\n\t\t\t\t\t\t\t\r\n\t\t\t\t\t\t\t<li>\r\n\r\n\t\t\t\t\t\t\t\t\t\t\t<a href=\"https:\/\/www.cisztasfibrozis.hu\/wp-content\/files\/documents\/etc\/\/FCFBE-Ismerteto.pdf?_wpnonce=c891104c8f\" class=\"test\" style=\"background: url('https:\/\/www.cisztasfibrozis.hu\/wp-content\/plugins\/m1downloadlist\/icons\/pdffile.gif') left no-repeat; padding-left:20px;\">\r\n\t\t\t\t\t\t\t\t\t\t\tFCFBE-Ismerteto.pdf\r\n\t\t\t\t\t\t\t\t\t\t\t<\/a>\r\n\t\t\t\t\t\t\t\t\t\t\t<span class=\"m1dll_filesize\">532,40&nbsp;kb<\/span>\r\n\t\t\t\t\t\t\t\t\t\t\t\r\n\t\t\t\t\t\t\t<\/li>\r\n\t\t\t\t\t\t\t\r\n\t\t\t\t\t\t\t<li>\r\n\r\n\t\t\t\t\t\t\t\t\t\t\t<a href=\"https:\/\/www.cisztasfibrozis.hu\/wp-content\/files\/documents\/etc\/\/leaflet_hungary.pdf?_wpnonce=c891104c8f\" class=\"test\" style=\"background: url('https:\/\/www.cisztasfibrozis.hu\/wp-content\/plugins\/m1downloadlist\/icons\/pdffile.gif') left no-repeat; padding-left:20px;\">\r\n\t\t\t\t\t\t\t\t\t\t\tleaflet_hungary.pdf\r\n\t\t\t\t\t\t\t\t\t\t\t<\/a>\r\n\t\t\t\t\t\t\t\t\t\t\t<span class=\"m1dll_filesize\">167,50&nbsp;kb<\/span>\r\n\t\t\t\t\t\t\t\t\t\t\t\r\n\t\t\t\t\t\t\t<\/li>\r\n\t\t\t\t\t\t\t\r\n\t\t\t\t\t\t\t<li>\r\n\r\n\t\t\t\t\t\t\t\t\t\t\t<a href=\"https:\/\/www.cisztasfibrozis.hu\/wp-content\/files\/documents\/etc\/\/NaADO_Plakat.pdf?_wpnonce=c891104c8f\" class=\"test\" style=\"background: url('https:\/\/www.cisztasfibrozis.hu\/wp-content\/plugins\/m1downloadlist\/icons\/pdffile.gif') left no-repeat; padding-left:20px;\">\r\n\t\t\t\t\t\t\t\t\t\t\tNaADO_Plakat.pdf\r\n\t\t\t\t\t\t\t\t\t\t\t<\/a>\r\n\t\t\t\t\t\t\t\t\t\t\t<span class=\"m1dll_filesize\">284,62&nbsp;kb<\/span>\r\n\t\t\t\t\t\t\t\t\t\t\t\r\n\t\t\t\t\t\t\t<\/li>\r\n\t\t\t\t\t\t\t\r\n\t\t\t\t\t\t\t<li>\r\n\r\n\t\t\t\t\t\t\t\t\t\t\t<a href=\"https:\/\/www.cisztasfibrozis.hu\/wp-content\/files\/documents\/etc\/\/Szervi_erintettseg.jpg?_wpnonce=c891104c8f\" class=\"test\" style=\"background: url('https:\/\/www.cisztasfibrozis.hu\/wp-content\/plugins\/m1downloadlist\/icons\/imgfile.gif') left no-repeat; padding-left:20px;\">\r\n\t\t\t\t\t\t\t\t\t\t\tSzervi_erintettseg.jpg\r\n\t\t\t\t\t\t\t\t\t\t\t<\/a>\r\n\t\t\t\t\t\t\t\t\t\t\t<span class=\"m1dll_filesize\">277,89&nbsp;kb<\/span>\r\n\t\t\t\t\t\t\t\t\t\t\t\r\n\t\t\t\t\t\t\t<\/li>\r\n\t\t\t\t\t\t\t\r\n        <\/ul>\r\n   \t\t\n\n\n\n<p class=\"has-background has-very-light-gray-background-color\"><a href=\"http:\/\/www.cisztasfibrozis.hu\">Vissza a f\u0151oldalra<\/a><\/p>\n","protected":false},"excerpt":{"rendered":"<p>Az Egyes\u00fclet \u00e1ltal k\u00e9sz\u00edtett \u00e9s haszn\u00e1lt kor\u00e1bbi kiadv\u00e1nyok: kiadv\u00e1nyokat, \u00fajs\u00e1gokat, h\u00edrleveleket, plak\u00e1tokat \u00e9s egy\u00e9b sz\u00f3r\u00f3anyagokat tal\u00e1l amelyeket a k\u00fcl\u00f6nb\u00f6z\u0151 rendezv\u00e9nyekre vagy figyelemfelh\u00edv\u00e1si c\u00e9llal k\u00e9sz\u00edtett\u00fcnk. Haszn\u00e1latukkal&#8230;<\/p>\n","protected":false},"author":1,"featured_media":0,"parent":0,"menu_order":0,"comment_status":"closed","ping_status":"closed","template":"","meta":{"footnotes":""},"class_list":["post-106","page","type-page","status-publish","hentry","entry","double"],"_links":{"self":[{"href":"https:\/\/www.cisztasfibrozis.hu\/index.php\/wp-json\/wp\/v2\/pages\/106","targetHints":{"allow":["GET"]}}],"collection":[{"href":"https:\/\/www.cisztasfibrozis.hu\/index.php\/wp-json\/wp\/v2\/pages"}],"about":[{"href":"https:\/\/www.cisztasfibrozis.hu\/index.php\/wp-json\/wp\/v2\/types\/page"}],"author":[{"embeddable":true,"href":"https:\/\/www.cisztasfibrozis.hu\/index.php\/wp-json\/wp\/v2\/users\/1"}],"replies":[{"embeddable":true,"href":"https:\/\/www.cisztasfibrozis.hu\/index.php\/wp-json\/wp\/v2\/comments?post=106"}],"version-history":[{"count":5,"href":"https:\/\/www.cisztasfibrozis.hu\/index.php\/wp-json\/wp\/v2\/pages\/106\/revisions"}],"predecessor-version":[{"id":2099,"href":"https:\/\/www.cisztasfibrozis.hu\/index.php\/wp-json\/wp\/v2\/pages\/106\/revisions\/2099"}],"wp:attachment":[{"href":"https:\/\/www.cisztasfibrozis.hu\/index.php\/wp-json\/wp\/v2\/media?parent=106"}],"curies":[{"name":"wp","href":"https:\/\/api.w.org\/{rel}","templated":true}]}}