{"id":101,"date":"2017-11-05T23:26:16","date_gmt":"2017-11-05T22:26:16","guid":{"rendered":"http:\/\/test.cisztasfibrozis.hu\/?page_id=101"},"modified":"2025-12-07T15:40:58","modified_gmt":"2025-12-07T14:40:58","slug":"cfbe-egyesuleti-dokumentumok","status":"publish","type":"page","link":"https:\/\/www.cisztasfibrozis.hu\/index.php\/cfbe-egyesuleti-dokumentumok\/","title":{"rendered":"CFBE dokumentumok"},"content":{"rendered":"\n<h4 class=\"wp-block-heading\"><span class=\"ms-rteStyle-Emphasis\">Az al\u00e1bbi oldalon az CFBE \u00e9s m\u0171k\u00f6d\u00e9s\u00e9vel&nbsp;kapcsolatos dokumentumokat tal\u00e1lhatja meg:<\/span><\/h4>\n\n\n<div class=\"wp-block-image is-style-default\">\n<figure class=\"alignright is-resized\"><img decoding=\"async\" src=\"https:\/\/image.freepik.com\/free-photo\/office-black-document-folders_144627-1732.jpg\" alt=\"CFBE dokumentumok illusztr\u00e1ci\u00f3\" style=\"width:296px;height:197px\"\/><\/figure>\n<\/div>\n\n\n<ul class=\"wp-block-list\">\n<li>alap\u00edt\u00f3 okiratok \u00e9s szab\u00e1lyzatok<\/li>\n\n\n\n<li>k\u00f6zgy\u0171l\u00e9si jegyz\u0151k\u00f6nyvek \u00e9s hat\u00e1rozatok<\/li>\n\n\n\n<li>NAV \u00e9s egy\u00e9b ad\u00f3z\u00e1si dokumentumok<\/li>\n\n\n\n<li>Az egyes\u00fclet <a href=\"https:\/\/www.cisztasfibrozis.hu\/wp-content\/uploads\/2025\/12\/CFBE-Belepesi-nyilatkozat-v3.pdf\">Bel\u00e9p\u00e9si nyilatkozata<\/a><\/li>\n\n\n\n<li><a href=\"https:\/\/civilsznev.birosag.hu\/CivilSzNev\/faces\/lekerdezes\/printable.xhtml\" target=\"_blank\" rel=\"noopener\">T\u00f6rv\u00e9nysz\u00e9ki v\u00e9gz\u00e9s<\/a><\/li>\n<\/ul>\n\n\n\r\n\t        <p class=\"m1dll_subdirpath\"><strong>path:<\/strong> <a href=\"https:\/\/www.cisztasfibrozis.hu\/index.php\/cfbe-egyesuleti-dokumentumok\/\">Dokumentumok<\/a><\/p>\r\n\t        \r\n        <ul class=\"m1dll_filelist\">\r\n        \r\n\t\t\t\t\t\t\t<li>\r\n\r\n\t\t\t\t\t\t\t\t\t\t\t<a href=\"\/index.php\/wp-json\/wp\/v2\/pages\/101?d=LzIwMTQ%3D&#038;m1dll_index_get=0\" class=\"test\" style=\"background: url('https:\/\/www.cisztasfibrozis.hu\/wp-content\/plugins\/m1downloadlist\/icons\/folder.gif') left no-repeat; padding-left:20px;\">\r\n\t\t\t\t\t\t\t\t\t\t\t2014\r\n\t\t\t\t\t\t\t\t\t\t\t<\/a>\r\n\t\t\t\t\t\t\t\t\t\t\t<span class=\"m1dll_filesize\"><\/span>\r\n\t\t\t\t\t\t\t\t\t\t\t\r\n\t\t\t\t\t\t\t<\/li>\r\n\t\t\t\t\t\t\t\r\n\t\t\t\t\t\t\t<li>\r\n\r\n\t\t\t\t\t\t\t\t\t\t\t<a href=\"\/index.php\/wp-json\/wp\/v2\/pages\/101?d=LzIwMTU%3D&#038;m1dll_index_get=0\" class=\"test\" style=\"background: url('https:\/\/www.cisztasfibrozis.hu\/wp-content\/plugins\/m1downloadlist\/icons\/folder.gif') left no-repeat; padding-left:20px;\">\r\n\t\t\t\t\t\t\t\t\t\t\t2015\r\n\t\t\t\t\t\t\t\t\t\t\t<\/a>\r\n\t\t\t\t\t\t\t\t\t\t\t<span class=\"m1dll_filesize\"><\/span>\r\n\t\t\t\t\t\t\t\t\t\t\t\r\n\t\t\t\t\t\t\t<\/li>\r\n\t\t\t\t\t\t\t\r\n\t\t\t\t\t\t\t<li>\r\n\r\n\t\t\t\t\t\t\t\t\t\t\t<a href=\"\/index.php\/wp-json\/wp\/v2\/pages\/101?d=LzIwMTY%3D&#038;m1dll_index_get=0\" class=\"test\" style=\"background: url('https:\/\/www.cisztasfibrozis.hu\/wp-content\/plugins\/m1downloadlist\/icons\/folder.gif') left no-repeat; padding-left:20px;\">\r\n\t\t\t\t\t\t\t\t\t\t\t2016\r\n\t\t\t\t\t\t\t\t\t\t\t<\/a>\r\n\t\t\t\t\t\t\t\t\t\t\t<span class=\"m1dll_filesize\"><\/span>\r\n\t\t\t\t\t\t\t\t\t\t\t\r\n\t\t\t\t\t\t\t<\/li>\r\n\t\t\t\t\t\t\t\r\n\t\t\t\t\t\t\t<li>\r\n\r\n\t\t\t\t\t\t\t\t\t\t\t<a href=\"\/index.php\/wp-json\/wp\/v2\/pages\/101?d=LzIwMjA%3D&#038;m1dll_index_get=0\" class=\"test\" style=\"background: url('https:\/\/www.cisztasfibrozis.hu\/wp-content\/plugins\/m1downloadlist\/icons\/folder.gif') left no-repeat; padding-left:20px;\">\r\n\t\t\t\t\t\t\t\t\t\t\t2020\r\n\t\t\t\t\t\t\t\t\t\t\t<\/a>\r\n\t\t\t\t\t\t\t\t\t\t\t<span class=\"m1dll_filesize\"><\/span>\r\n\t\t\t\t\t\t\t\t\t\t\t\r\n\t\t\t\t\t\t\t<\/li>\r\n\t\t\t\t\t\t\t\r\n\t\t\t\t\t\t\t<li>\r\n\r\n\t\t\t\t\t\t\t\t\t\t\t<a href=\"\/index.php\/wp-json\/wp\/v2\/pages\/101?d=L0Jpcm9zYWc%3D&#038;m1dll_index_get=0\" class=\"test\" style=\"background: url('https:\/\/www.cisztasfibrozis.hu\/wp-content\/plugins\/m1downloadlist\/icons\/folder.gif') left no-repeat; padding-left:20px;\">\r\n\t\t\t\t\t\t\t\t\t\t\tBirosag\r\n\t\t\t\t\t\t\t\t\t\t\t<\/a>\r\n\t\t\t\t\t\t\t\t\t\t\t<span class=\"m1dll_filesize\"><\/span>\r\n\t\t\t\t\t\t\t\t\t\t\t\r\n\t\t\t\t\t\t\t<\/li>\r\n\t\t\t\t\t\t\t\r\n\t\t\t\t\t\t\t<li>\r\n\r\n\t\t\t\t\t\t\t\t\t\t\t<a href=\"\/index.php\/wp-json\/wp\/v2\/pages\/101?d=L0ZDRkJF&#038;m1dll_index_get=0\" class=\"test\" style=\"background: url('https:\/\/www.cisztasfibrozis.hu\/wp-content\/plugins\/m1downloadlist\/icons\/folder.gif') left no-repeat; padding-left:20px;\">\r\n\t\t\t\t\t\t\t\t\t\t\tFCFBE\r\n\t\t\t\t\t\t\t\t\t\t\t<\/a>\r\n\t\t\t\t\t\t\t\t\t\t\t<span class=\"m1dll_filesize\"><\/span>\r\n\t\t\t\t\t\t\t\t\t\t\t\r\n\t\t\t\t\t\t\t<\/li>\r\n\t\t\t\t\t\t\t\r\n\t\t\t\t\t\t\t<li>\r\n\r\n\t\t\t\t\t\t\t\t\t\t\t<a href=\"https:\/\/www.cisztasfibrozis.hu\/wp-content\/files\/documents\/fcfbe\/\/ADO_Plakat.pdf?_wpnonce=bdc7a566a2\" class=\"test\" style=\"background: url(&#039;https:\/\/www.cisztasfibrozis.hu\/wp-content\/plugins\/m1downloadlist\/icons\/pdffile.gif&#039;) left no-repeat; padding-left:20px;\">\r\n\t\t\t\t\t\t\t\t\t\t\tADO_Plakat.pdf\r\n\t\t\t\t\t\t\t\t\t\t\t<\/a>\r\n\t\t\t\t\t\t\t\t\t\t\t<span class=\"m1dll_filesize\">284,62&nbsp;kb<\/span>\r\n\t\t\t\t\t\t\t\t\t\t\t\r\n\t\t\t\t\t\t\t<\/li>\r\n\t\t\t\t\t\t\t\r\n\t\t\t\t\t\t\t<li>\r\n\r\n\t\t\t\t\t\t\t\t\t\t\t<a href=\"https:\/\/www.cisztasfibrozis.hu\/wp-content\/files\/documents\/fcfbe\/\/CF_forum_alapelvek.pdf?_wpnonce=bdc7a566a2\" class=\"test\" style=\"background: url(&#039;https:\/\/www.cisztasfibrozis.hu\/wp-content\/plugins\/m1downloadlist\/icons\/pdffile.gif&#039;) left no-repeat; padding-left:20px;\">\r\n\t\t\t\t\t\t\t\t\t\t\tCF_forum_alapelvek.pdf\r\n\t\t\t\t\t\t\t\t\t\t\t<\/a>\r\n\t\t\t\t\t\t\t\t\t\t\t<span class=\"m1dll_filesize\">39,86&nbsp;kb<\/span>\r\n\t\t\t\t\t\t\t\t\t\t\t\r\n\t\t\t\t\t\t\t<\/li>\r\n\t\t\t\t\t\t\t\r\n\t\t\t\t\t\t\t<li>\r\n\r\n\t\t\t\t\t\t\t\t\t\t\t<a href=\"https:\/\/www.cisztasfibrozis.hu\/wp-content\/files\/documents\/fcfbe\/\/CFBE%20Alapszabaly_hitelesitett.pdf?_wpnonce=bdc7a566a2\" class=\"test\" style=\"background: url(&#039;https:\/\/www.cisztasfibrozis.hu\/wp-content\/plugins\/m1downloadlist\/icons\/pdffile.gif&#039;) left no-repeat; padding-left:20px;\">\r\n\t\t\t\t\t\t\t\t\t\t\tCFBE Alapszabaly_hitelesitett.pdf\r\n\t\t\t\t\t\t\t\t\t\t\t<\/a>\r\n\t\t\t\t\t\t\t\t\t\t\t<span class=\"m1dll_filesize\">2,95&nbsp;MB<\/span>\r\n\t\t\t\t\t\t\t\t\t\t\t\r\n\t\t\t\t\t\t\t<\/li>\r\n\t\t\t\t\t\t\t\r\n\t\t\t\t\t\t\t<li>\r\n\r\n\t\t\t\t\t\t\t\t\t\t\t<a href=\"https:\/\/www.cisztasfibrozis.hu\/wp-content\/files\/documents\/fcfbe\/\/CFBE%20Alapszabaly_hitelesitett_old.pdf?_wpnonce=bdc7a566a2\" class=\"test\" style=\"background: url(&#039;https:\/\/www.cisztasfibrozis.hu\/wp-content\/plugins\/m1downloadlist\/icons\/pdffile.gif&#039;) left no-repeat; padding-left:20px;\">\r\n\t\t\t\t\t\t\t\t\t\t\tCFBE Alapszabaly_hitelesitett_old.pdf\r\n\t\t\t\t\t\t\t\t\t\t\t<\/a>\r\n\t\t\t\t\t\t\t\t\t\t\t<span class=\"m1dll_filesize\">2,81&nbsp;MB<\/span>\r\n\t\t\t\t\t\t\t\t\t\t\t\r\n\t\t\t\t\t\t\t<\/li>\r\n\t\t\t\t\t\t\t\r\n\t\t\t\t\t\t\t<li>\r\n\r\n\t\t\t\t\t\t\t\t\t\t\t<a href=\"https:\/\/www.cisztasfibrozis.hu\/wp-content\/files\/documents\/fcfbe\/\/CFBT.pdf?_wpnonce=bdc7a566a2\" class=\"test\" style=\"background: url(&#039;https:\/\/www.cisztasfibrozis.hu\/wp-content\/plugins\/m1downloadlist\/icons\/pdffile.gif&#039;) left no-repeat; padding-left:20px;\">\r\n\t\t\t\t\t\t\t\t\t\t\tCFBT.pdf\r\n\t\t\t\t\t\t\t\t\t\t\t<\/a>\r\n\t\t\t\t\t\t\t\t\t\t\t<span class=\"m1dll_filesize\">951,97&nbsp;kb<\/span>\r\n\t\t\t\t\t\t\t\t\t\t\t\r\n\t\t\t\t\t\t\t<\/li>\r\n\t\t\t\t\t\t\t\r\n\t\t\t\t\t\t\t<li>\r\n\r\n\t\t\t\t\t\t\t\t\t\t\t<a href=\"https:\/\/www.cisztasfibrozis.hu\/wp-content\/files\/documents\/fcfbe\/\/FCFBE-Ismerteto.pdf?_wpnonce=bdc7a566a2\" class=\"test\" style=\"background: url(&#039;https:\/\/www.cisztasfibrozis.hu\/wp-content\/plugins\/m1downloadlist\/icons\/pdffile.gif&#039;) left no-repeat; padding-left:20px;\">\r\n\t\t\t\t\t\t\t\t\t\t\tFCFBE-Ismerteto.pdf\r\n\t\t\t\t\t\t\t\t\t\t\t<\/a>\r\n\t\t\t\t\t\t\t\t\t\t\t<span class=\"m1dll_filesize\">532,40&nbsp;kb<\/span>\r\n\t\t\t\t\t\t\t\t\t\t\t\r\n\t\t\t\t\t\t\t<\/li>\r\n\t\t\t\t\t\t\t\r\n\t\t\t\t\t\t\t<li>\r\n\r\n\t\t\t\t\t\t\t\t\t\t\t<a href=\"https:\/\/www.cisztasfibrozis.hu\/wp-content\/files\/documents\/fcfbe\/\/Torvenyszeki_vegzes_CFBE.pdf?_wpnonce=bdc7a566a2\" class=\"test\" style=\"background: url(&#039;https:\/\/www.cisztasfibrozis.hu\/wp-content\/plugins\/m1downloadlist\/icons\/pdffile.gif&#039;) left no-repeat; padding-left:20px;\">\r\n\t\t\t\t\t\t\t\t\t\t\tTorvenyszeki_vegzes_CFBE.pdf\r\n\t\t\t\t\t\t\t\t\t\t\t<\/a>\r\n\t\t\t\t\t\t\t\t\t\t\t<span class=\"m1dll_filesize\">833,46&nbsp;kb<\/span>\r\n\t\t\t\t\t\t\t\t\t\t\t\r\n\t\t\t\t\t\t\t<\/li>\r\n\t\t\t\t\t\t\t\r\n        <\/ul>\r\n   \t\t\n\n\n\n<div data-wp-interactive=\"core\/file\" class=\"wp-block-file\"><object data-wp-bind--hidden=\"!state.hasPdfPreview\" hidden class=\"wp-block-file__embed\" data=\"https:\/\/www.cisztasfibrozis.hu\/wp-content\/uploads\/2025\/12\/CFBE-Belepesi-nyilatkozat-v3.pdf\" type=\"application\/pdf\" style=\"width:100%;height:600px\" aria-label=\"Embed of CFBE Bel\u00e9p\u00e9si nyilatkozat v3.\"><\/object><a id=\"wp-block-file--media-a67d548a-c938-422f-a27c-6e85b1f14256\" href=\"https:\/\/www.cisztasfibrozis.hu\/wp-content\/uploads\/2025\/12\/CFBE-Belepesi-nyilatkozat-v3.pdf\">CFBE Bel\u00e9p\u00e9si nyilatkozat v3<\/a><a href=\"https:\/\/www.cisztasfibrozis.hu\/wp-content\/uploads\/2025\/12\/CFBE-Belepesi-nyilatkozat-v3.pdf\" class=\"wp-block-file__button wp-element-button\" aria-describedby=\"wp-block-file--media-a67d548a-c938-422f-a27c-6e85b1f14256\" download>Download<\/a><\/div>\n\n\n<a href=\"https:\/\/www.cisztasfibrozis.hu\/wp-content\/uploads\/2025\/12\/CFBE-Belepesi-nyilatkozat-v3.pdf\" class=\"pdfemb-viewer\" style=\"\" data-width=\"max\" data-height=\"max\" data-toolbar=\"bottom\" data-toolbar-fixed=\"off\">CFBE-Belepesi-nyilatkozat-v3<\/a>\n\n\n<p class=\"has-very-light-gray-background-color has-background\"><a href=\"https:\/\/www.cisztasfibrozis.hu\">Vissza a f\u0151oldalra<\/a><\/p>\n","protected":false},"excerpt":{"rendered":"<p>Az al\u00e1bbi oldalon az CFBE \u00e9s m\u0171k\u00f6d\u00e9s\u00e9vel&nbsp;kapcsolatos dokumentumokat tal\u00e1lhatja meg: Vissza a f\u0151oldalra<\/p>\n","protected":false},"author":1,"featured_media":0,"parent":0,"menu_order":0,"comment_status":"closed","ping_status":"closed","template":"","meta":{"footnotes":""},"class_list":["post-101","page","type-page","status-publish","hentry","entry","double"],"_links":{"self":[{"href":"https:\/\/www.cisztasfibrozis.hu\/index.php\/wp-json\/wp\/v2\/pages\/101","targetHints":{"allow":["GET"]}}],"collection":[{"href":"https:\/\/www.cisztasfibrozis.hu\/index.php\/wp-json\/wp\/v2\/pages"}],"about":[{"href":"https:\/\/www.cisztasfibrozis.hu\/index.php\/wp-json\/wp\/v2\/types\/page"}],"author":[{"embeddable":true,"href":"https:\/\/www.cisztasfibrozis.hu\/index.php\/wp-json\/wp\/v2\/users\/1"}],"replies":[{"embeddable":true,"href":"https:\/\/www.cisztasfibrozis.hu\/index.php\/wp-json\/wp\/v2\/comments?post=101"}],"version-history":[{"count":6,"href":"https:\/\/www.cisztasfibrozis.hu\/index.php\/wp-json\/wp\/v2\/pages\/101\/revisions"}],"predecessor-version":[{"id":3032,"href":"https:\/\/www.cisztasfibrozis.hu\/index.php\/wp-json\/wp\/v2\/pages\/101\/revisions\/3032"}],"wp:attachment":[{"href":"https:\/\/www.cisztasfibrozis.hu\/index.php\/wp-json\/wp\/v2\/media?parent=101"}],"curies":[{"name":"wp","href":"https:\/\/api.w.org\/{rel}","templated":true}]}}